{"id":2105,"date":"2024-10-16T14:33:18","date_gmt":"2024-10-16T12:33:18","guid":{"rendered":"https:\/\/rowshop.com\/kundtjanst\/faq\/"},"modified":"2024-10-16T14:33:24","modified_gmt":"2024-10-16T12:33:24","slug":"faq","status":"publish","type":"page","link":"https:\/\/rowshop.com\/sv\/kundtjanst\/faq\/","title":{"rendered":"FAQ"},"content":{"rendered":"<h2>Vill g\u00e4rna h\u00f6ra fr\u00e5n dig.<\/h2>\n<p>St\u00e4ll din fr\u00e5gor direkt till <a href=\"mailto:info@rowshop.com\" data-mce-href=\"mailto:info@rowshop.com\">support@rowshop.com<\/a><\/p>\n","protected":false},"excerpt":{"rendered":"<p>Vill g\u00e4rna h\u00f6ra fr\u00e5n dig. St\u00e4ll din fr\u00e5gor direkt till support@rowshop.com<\/p>\n","protected":false},"author":18,"featured_media":0,"parent":2104,"menu_order":0,"comment_status":"closed","ping_status":"closed","template":"","meta":{"_acf_changed":false,"footnotes":""},"class_list":["post-2105","page","type-page","status-publish","hentry"],"acf":[],"_links":{"self":[{"href":"https:\/\/rowshop.com\/sv\/wp-json\/wp\/v2\/pages\/2105","targetHints":{"allow":["GET"]}}],"collection":[{"href":"https:\/\/rowshop.com\/sv\/wp-json\/wp\/v2\/pages"}],"about":[{"href":"https:\/\/rowshop.com\/sv\/wp-json\/wp\/v2\/types\/page"}],"author":[{"embeddable":true,"href":"https:\/\/rowshop.com\/sv\/wp-json\/wp\/v2\/users\/18"}],"replies":[{"embeddable":true,"href":"https:\/\/rowshop.com\/sv\/wp-json\/wp\/v2\/comments?post=2105"}],"version-history":[{"count":0,"href":"https:\/\/rowshop.com\/sv\/wp-json\/wp\/v2\/pages\/2105\/revisions"}],"up":[{"embeddable":true,"href":"https:\/\/rowshop.com\/sv\/wp-json\/wp\/v2\/pages\/2104"}],"wp:attachment":[{"href":"https:\/\/rowshop.com\/sv\/wp-json\/wp\/v2\/media?parent=2105"}],"curies":[{"name":"wp","href":"https:\/\/api.w.org\/{rel}","templated":true}]}}