{"id":2106,"date":"2024-10-16T14:35:35","date_gmt":"2024-10-16T12:35:35","guid":{"rendered":"https:\/\/rowshop.com\/kundtjanst\/returpolicyn-returer\/"},"modified":"2024-10-16T14:35:35","modified_gmt":"2024-10-16T12:35:35","slug":"returpolicyn-returer","status":"publish","type":"page","link":"https:\/\/rowshop.com\/sv\/kundtjanst\/returpolicyn-returer\/","title":{"rendered":"Returpolicyn &#8211; returer"},"content":{"rendered":"<p><strong>\u00d6ppet K\u00f6p\/\u00e5ngerr\u00e4tt<\/strong><br \/>\nVi har14 dagars \u00f6ppet k\u00f6p \/ \u00e5ngerr\u00e4tt. Produkterna skall returneras i originalf\u00f6rpackning, vara oanv\u00e4nda och ej vara skadade. Kvitto eller kopia p\u00e5 faktura m\u00e5ste alltid meds\u00e4ndas. Kunden betalar returfrakt. Returer som skickas mot efterkrav\/postf\u00f6rskott l\u00f6ses ej ut. F\u00f6r att k\u00f6pet skall h\u00e4vas m\u00e5ste varan skickas tillbaka inom 14 dagar fr\u00e5n det att den ankommit kund. Det inneb\u00e4r att &#8221;14 dagars returpolicyn&#8221; g\u00e4ller fr\u00e5n och med den dag som kunden mottar produkten fysiskt.<\/p>\n<p><strong>Kontakta oss vid tveksamheter:<\/strong><br \/>\nSvensk Roddsport AB<br \/>\n<a class=\"desktop-only\" href=\"http:\/\/maps.google.se\/maps?q=HUSKVARNAV%C3%84GEN%2078%20J%C3%B6nk%C3%B6ping&amp;t=m&amp;z=16&amp;ie=UTF8&amp;iwloc=A\" target=\"_blank\" rel=\"noopener noreferrer\">Huskvarnav\u00e4gen 78<\/a><br \/>\n554 54 J\u00f6nk\u00f6ping<br \/>\nE-mail:\u00a0<a href=\"mailto:info@Rowshop.com\">info@Rowshop.com<\/a><\/p>\n","protected":false},"excerpt":{"rendered":"<p>\u00d6ppet K\u00f6p\/\u00e5ngerr\u00e4tt Vi har14 dagars \u00f6ppet k\u00f6p \/ \u00e5ngerr\u00e4tt. Produkterna skall returneras i originalf\u00f6rpackning, vara oanv\u00e4nda och ej vara skadade. Kvitto eller kopia p\u00e5 faktura m\u00e5ste alltid meds\u00e4ndas. Kunden betalar returfrakt. Returer som skickas mot efterkrav\/postf\u00f6rskott l\u00f6ses ej ut. F\u00f6r att k\u00f6pet skall h\u00e4vas m\u00e5ste varan skickas tillbaka inom 14 dagar fr\u00e5n det att den [&hellip;]<\/p>\n","protected":false},"author":18,"featured_media":0,"parent":2104,"menu_order":0,"comment_status":"closed","ping_status":"closed","template":"","meta":{"_acf_changed":false,"footnotes":""},"class_list":["post-2106","page","type-page","status-publish","hentry"],"acf":[],"_links":{"self":[{"href":"https:\/\/rowshop.com\/sv\/wp-json\/wp\/v2\/pages\/2106","targetHints":{"allow":["GET"]}}],"collection":[{"href":"https:\/\/rowshop.com\/sv\/wp-json\/wp\/v2\/pages"}],"about":[{"href":"https:\/\/rowshop.com\/sv\/wp-json\/wp\/v2\/types\/page"}],"author":[{"embeddable":true,"href":"https:\/\/rowshop.com\/sv\/wp-json\/wp\/v2\/users\/18"}],"replies":[{"embeddable":true,"href":"https:\/\/rowshop.com\/sv\/wp-json\/wp\/v2\/comments?post=2106"}],"version-history":[{"count":0,"href":"https:\/\/rowshop.com\/sv\/wp-json\/wp\/v2\/pages\/2106\/revisions"}],"up":[{"embeddable":true,"href":"https:\/\/rowshop.com\/sv\/wp-json\/wp\/v2\/pages\/2104"}],"wp:attachment":[{"href":"https:\/\/rowshop.com\/sv\/wp-json\/wp\/v2\/media?parent=2106"}],"curies":[{"name":"wp","href":"https:\/\/api.w.org\/{rel}","templated":true}]}}