{"id":2107,"date":"2024-10-16T14:38:19","date_gmt":"2024-10-16T12:38:19","guid":{"rendered":"https:\/\/rowshop.com\/kundtjanst\/frakt-och-leveranser\/"},"modified":"2024-10-16T14:38:19","modified_gmt":"2024-10-16T12:38:19","slug":"frakt-och-leveranser","status":"publish","type":"page","link":"https:\/\/rowshop.com\/sv\/kundtjanst\/frakt-och-leveranser\/","title":{"rendered":"Frakt och leveranser"},"content":{"rendered":"<h4>Frakt<\/h4>\n<p>Normal leveranstid ber\u00e4knas till i Europa 4 arbetsdagar. L\u00e4gg sedan till 1 extra vecka f\u00f6r andra kontinenter. Stora paket kommer att levereras till n\u00e4rmaste partnerbutik till din bostad.<\/p>\n<h4>AVBOKNING \/ \u00c4NDRING<\/h4>\n<p>Du \u00e4r alltid fri att avbryta eller \u00e4ndra din best\u00e4llning tills den \u00e4r slutf\u00f6rd, det vill s\u00e4ga n\u00e4r varorna \u00e4r packade och klara f\u00f6r leverans (du kommer att f\u00e5 ett mail fr\u00e5n oss n\u00e4r best\u00e4llningen \u00e4r p\u00e5skyndad). Annars \u00e4r du skyldig att ta emot f\u00f6rs\u00e4ndelsen, och sedan p\u00e5 kundens egen bekostnad att returnera varorna.<\/p>\n","protected":false},"excerpt":{"rendered":"<p>Frakt Normal leveranstid ber\u00e4knas till i Europa 4 arbetsdagar. L\u00e4gg sedan till 1 extra vecka f\u00f6r andra kontinenter. Stora paket kommer att levereras till n\u00e4rmaste partnerbutik till din bostad. AVBOKNING \/ \u00c4NDRING Du \u00e4r alltid fri att avbryta eller \u00e4ndra din best\u00e4llning tills den \u00e4r slutf\u00f6rd, det vill s\u00e4ga n\u00e4r varorna \u00e4r packade och klara [&hellip;]<\/p>\n","protected":false},"author":18,"featured_media":0,"parent":2104,"menu_order":0,"comment_status":"closed","ping_status":"closed","template":"","meta":{"_acf_changed":false,"footnotes":""},"class_list":["post-2107","page","type-page","status-publish","hentry"],"acf":[],"_links":{"self":[{"href":"https:\/\/rowshop.com\/sv\/wp-json\/wp\/v2\/pages\/2107","targetHints":{"allow":["GET"]}}],"collection":[{"href":"https:\/\/rowshop.com\/sv\/wp-json\/wp\/v2\/pages"}],"about":[{"href":"https:\/\/rowshop.com\/sv\/wp-json\/wp\/v2\/types\/page"}],"author":[{"embeddable":true,"href":"https:\/\/rowshop.com\/sv\/wp-json\/wp\/v2\/users\/18"}],"replies":[{"embeddable":true,"href":"https:\/\/rowshop.com\/sv\/wp-json\/wp\/v2\/comments?post=2107"}],"version-history":[{"count":0,"href":"https:\/\/rowshop.com\/sv\/wp-json\/wp\/v2\/pages\/2107\/revisions"}],"up":[{"embeddable":true,"href":"https:\/\/rowshop.com\/sv\/wp-json\/wp\/v2\/pages\/2104"}],"wp:attachment":[{"href":"https:\/\/rowshop.com\/sv\/wp-json\/wp\/v2\/media?parent=2107"}],"curies":[{"name":"wp","href":"https:\/\/api.w.org\/{rel}","templated":true}]}}