{"id":907,"date":"2018-01-12T16:50:30","date_gmt":"2018-01-12T15:50:30","guid":{"rendered":"https:\/\/rowshop.com\/?page_id=907"},"modified":"2018-01-12T16:50:30","modified_gmt":"2018-01-12T15:50:30","slug":"om-rowshop","status":"publish","type":"page","link":"https:\/\/rowshop.com\/sv\/om-rowshop\/","title":{"rendered":"Om Rowshop"},"content":{"rendered":"<div class=\"Text-intro\">\n<p>I alla aspekter av livet \u00e4r vi stolta \u00f6ver att driva f\u00f6r att uppn\u00e5 b\u00e4sta resultat, och \u00e4r stolta \u00f6ver att ha byggt Rowshop med samma passion. V\u00e5rt m\u00e5l \u00e4r att skapa en starkare n\u00e4rvaro av rodd i Skandinavien, och arbeta mot en framtid<br \/>\nd\u00e4r det \u00e4r m\u00f6jligt.<\/p>\n<\/div>\n<p>V\u00e5r familj kretsar kring rodd. F\u00f6r Bo \u00e4r det i form av en f\u00f6re detta elitroddare som representerart Sverige. F\u00f6r Axel och Alice, andra generationens roddare i familjen, syftar den till att konkurrera mot under-23-roddare v\u00e4rlden \u00f6ver, med l\u00e5ngsiktiga m\u00e5l att t\u00e4vla i OS. Vi delar alla passion f\u00f6r idrotten, och som kombinerat med v\u00e5r erfarenhet och engagemang kommer att skilja oss fr\u00e5n den internationella konkurrensen.<\/p>\n","protected":false},"excerpt":{"rendered":"<p>I alla aspekter av livet \u00e4r vi stolta \u00f6ver att driva f\u00f6r att uppn\u00e5 b\u00e4sta resultat, och \u00e4r stolta \u00f6ver att ha byggt Rowshop med samma passion. V\u00e5rt m\u00e5l \u00e4r att skapa en starkare n\u00e4rvaro av rodd i Skandinavien, och arbeta mot en framtid d\u00e4r det \u00e4r m\u00f6jligt. V\u00e5r familj kretsar kring rodd. F\u00f6r Bo [&hellip;]<\/p>\n","protected":false},"author":18,"featured_media":0,"parent":0,"menu_order":0,"comment_status":"closed","ping_status":"closed","template":"","meta":{"_acf_changed":false,"footnotes":""},"class_list":["post-907","page","type-page","status-publish","hentry"],"acf":[],"_links":{"self":[{"href":"https:\/\/rowshop.com\/sv\/wp-json\/wp\/v2\/pages\/907","targetHints":{"allow":["GET"]}}],"collection":[{"href":"https:\/\/rowshop.com\/sv\/wp-json\/wp\/v2\/pages"}],"about":[{"href":"https:\/\/rowshop.com\/sv\/wp-json\/wp\/v2\/types\/page"}],"author":[{"embeddable":true,"href":"https:\/\/rowshop.com\/sv\/wp-json\/wp\/v2\/users\/18"}],"replies":[{"embeddable":true,"href":"https:\/\/rowshop.com\/sv\/wp-json\/wp\/v2\/comments?post=907"}],"version-history":[{"count":0,"href":"https:\/\/rowshop.com\/sv\/wp-json\/wp\/v2\/pages\/907\/revisions"}],"wp:attachment":[{"href":"https:\/\/rowshop.com\/sv\/wp-json\/wp\/v2\/media?parent=907"}],"curies":[{"name":"wp","href":"https:\/\/api.w.org\/{rel}","templated":true}]}}