{"id":1006,"date":"2017-09-04T22:19:52","date_gmt":"2017-09-04T20:19:52","guid":{"rendered":"https:\/\/rowshop.com\/shop\/okategoriserad\/handtag-orange\/"},"modified":"2017-09-04T22:19:52","modified_gmt":"2017-09-04T20:19:52","slug":"handtag-orange","status":"publish","type":"product","link":"https:\/\/rowshop.com\/sv\/butik\/utrustning\/handtag-orange\/","title":{"rendered":"Handtag &#8211; Orange"},"content":{"rendered":"<p>Handtag i h\u00e5rt orangef\u00e4rgat gummi med en ny form som ligger bra i handen. God friktion och bra grepp i kombination med h\u00f6g slitstyrka har gjort detta grepp popul\u00e4rt. Diameter 33,5mm.<\/p>\n","protected":false},"excerpt":{"rendered":"<p>Handtag i h\u00e5rt orangef\u00e4rgat gummi med en ny form som ligger bra i handen. God friktion och bra grepp i kombination med h\u00f6g slitstyrka har gjort detta grepp popul\u00e4rt. Diameter 33,5mm.<\/p>\n","protected":false},"featured_media":761,"template":"","meta":{"_acf_changed":false},"product_brand":[],"product_cat":[107],"product_tag":[112,137],"class_list":{"0":"post-1006","1":"product","2":"type-product","3":"status-publish","4":"has-post-thumbnail","6":"product_cat-utrustning","7":"product_tag-concept-2-sv","8":"product_tag-sculler-handtag","10":"first","11":"instock","12":"taxable","13":"shipping-taxable","14":"purchasable","15":"product-type-simple"},"acf":[],"_links":{"self":[{"href":"https:\/\/rowshop.com\/sv\/wp-json\/wp\/v2\/product\/1006","targetHints":{"allow":["GET"]}}],"collection":[{"href":"https:\/\/rowshop.com\/sv\/wp-json\/wp\/v2\/product"}],"about":[{"href":"https:\/\/rowshop.com\/sv\/wp-json\/wp\/v2\/types\/product"}],"wp:featuredmedia":[{"embeddable":true,"href":"https:\/\/rowshop.com\/sv\/wp-json\/wp\/v2\/media\/761"}],"wp:attachment":[{"href":"https:\/\/rowshop.com\/sv\/wp-json\/wp\/v2\/media?parent=1006"}],"wp:term":[{"taxonomy":"product_brand","embeddable":true,"href":"https:\/\/rowshop.com\/sv\/wp-json\/wp\/v2\/product_brand?post=1006"},{"taxonomy":"product_cat","embeddable":true,"href":"https:\/\/rowshop.com\/sv\/wp-json\/wp\/v2\/product_cat?post=1006"},{"taxonomy":"product_tag","embeddable":true,"href":"https:\/\/rowshop.com\/sv\/wp-json\/wp\/v2\/product_tag?post=1006"}],"curies":[{"name":"wp","href":"https:\/\/api.w.org\/{rel}","templated":true}]}}