{"id":1009,"date":"2017-08-29T12:43:12","date_gmt":"2017-08-29T10:43:12","guid":{"rendered":"https:\/\/rowshop.com\/shop\/okategoriserad\/wintech-medallist-1x\/"},"modified":"2017-08-29T12:43:12","modified_gmt":"2017-08-29T10:43:12","slug":"wintech-medallist-1x","status":"publish","type":"product","link":"https:\/\/rowshop.com\/sv\/butik\/batar\/wintech-medallist-1x\/","title":{"rendered":"Wintech Medallist 1x"},"content":{"rendered":"<p>En singel av h\u00f6gsta klass. Byggd f\u00f6r att optimera fart och prestanda hos roddaren. Finns i fyra olika skrovstorlekar beroende p\u00e5 roddarens vikt. Kan f\u00e5s med klassisk vingrig\u00a0 \u00f6ver f\u00f6tterna eller med en &#8221;bow-mounted&#8221; vingrigg som sitter bakom roddaren mot f\u00f6ren.<\/p>\n","protected":false},"excerpt":{"rendered":"<p>Medallist konstruktionen \u00e4r i grunden en &#8221;sandwich&#8221;-konstruktion med dubbla lager av carbonv\u00e4v p\u00e5 s\u00e5v\u00e4l utsidan som insidan. Extra f\u00f6rst\u00e4rkningar i k\u00f6l och spant g\u00f6r den h\u00e4r b\u00e5ten v\u00e4ldigt styv. B\u00e5tens vikt m\u00f6ter de minimikrav som FISA st\u00e4ller.<\/p>\n","protected":false},"featured_media":752,"template":"","meta":{"_acf_changed":false},"product_brand":[],"product_cat":[106],"product_tag":[117,130,145],"class_list":{"0":"post-1009","1":"product","2":"type-product","3":"status-publish","4":"has-post-thumbnail","6":"product_cat-batar","7":"product_tag-1x-sv","8":"product_tag-medalist-sv","9":"product_tag-wintech-racing-sv","11":"first","12":"instock","13":"taxable","14":"shipping-taxable","15":"purchasable","16":"product-type-simple"},"acf":[],"_links":{"self":[{"href":"https:\/\/rowshop.com\/sv\/wp-json\/wp\/v2\/product\/1009","targetHints":{"allow":["GET"]}}],"collection":[{"href":"https:\/\/rowshop.com\/sv\/wp-json\/wp\/v2\/product"}],"about":[{"href":"https:\/\/rowshop.com\/sv\/wp-json\/wp\/v2\/types\/product"}],"wp:featuredmedia":[{"embeddable":true,"href":"https:\/\/rowshop.com\/sv\/wp-json\/wp\/v2\/media\/752"}],"wp:attachment":[{"href":"https:\/\/rowshop.com\/sv\/wp-json\/wp\/v2\/media?parent=1009"}],"wp:term":[{"taxonomy":"product_brand","embeddable":true,"href":"https:\/\/rowshop.com\/sv\/wp-json\/wp\/v2\/product_brand?post=1009"},{"taxonomy":"product_cat","embeddable":true,"href":"https:\/\/rowshop.com\/sv\/wp-json\/wp\/v2\/product_cat?post=1009"},{"taxonomy":"product_tag","embeddable":true,"href":"https:\/\/rowshop.com\/sv\/wp-json\/wp\/v2\/product_tag?post=1009"}],"curies":[{"name":"wp","href":"https:\/\/api.w.org\/{rel}","templated":true}]}}