{"id":1016,"date":"2017-08-24T15:05:50","date_gmt":"2017-08-24T13:05:50","guid":{"rendered":"https:\/\/rowshop.com\/shop\/okategoriserad\/fena-carbon\/"},"modified":"2018-02-03T16:18:49","modified_gmt":"2018-02-03T15:18:49","slug":"fena-carbon","status":"publish","type":"product","link":"https:\/\/rowshop.com\/sv\/butik\/reservdelar\/fena-carbon\/","title":{"rendered":"Fena &#8211; Carbon"},"content":{"rendered":"<p>Fena till 1x, 2x och 2-. Gjord i carbon f\u00f6r att m\u00f6ta krav p\u00e5 styvhet och vikt.<\/p>\n<p>(Vid byte kan ibland \u00e4ven boxen d\u00e4r fenan sitter beh\u00f6va bytas.)<\/p>\n","protected":false},"excerpt":{"rendered":"<p>Fena till 1x, 2x och 2-. Gjord i carbon f\u00f6r att m\u00f6ta krav p\u00e5 styvhet och vikt. (Vid byte kan ibland \u00e4ven boxen d\u00e4r fenan sitter beh\u00f6va bytas.)<\/p>\n","protected":false},"featured_media":795,"template":"","meta":{"_acf_changed":false},"product_brand":[],"product_cat":[111],"product_tag":[144],"class_list":{"0":"post-1016","1":"product","2":"type-product","3":"status-publish","4":"has-post-thumbnail","6":"product_cat-reservdelar","7":"product_tag-wintech-sv","9":"first","10":"instock","11":"taxable","12":"shipping-taxable","13":"purchasable","14":"product-type-simple"},"acf":[],"_links":{"self":[{"href":"https:\/\/rowshop.com\/sv\/wp-json\/wp\/v2\/product\/1016","targetHints":{"allow":["GET"]}}],"collection":[{"href":"https:\/\/rowshop.com\/sv\/wp-json\/wp\/v2\/product"}],"about":[{"href":"https:\/\/rowshop.com\/sv\/wp-json\/wp\/v2\/types\/product"}],"wp:featuredmedia":[{"embeddable":true,"href":"https:\/\/rowshop.com\/sv\/wp-json\/wp\/v2\/media\/795"}],"wp:attachment":[{"href":"https:\/\/rowshop.com\/sv\/wp-json\/wp\/v2\/media?parent=1016"}],"wp:term":[{"taxonomy":"product_brand","embeddable":true,"href":"https:\/\/rowshop.com\/sv\/wp-json\/wp\/v2\/product_brand?post=1016"},{"taxonomy":"product_cat","embeddable":true,"href":"https:\/\/rowshop.com\/sv\/wp-json\/wp\/v2\/product_cat?post=1016"},{"taxonomy":"product_tag","embeddable":true,"href":"https:\/\/rowshop.com\/sv\/wp-json\/wp\/v2\/product_tag?post=1016"}],"curies":[{"name":"wp","href":"https:\/\/api.w.org\/{rel}","templated":true}]}}