{"id":1017,"date":"2017-08-29T12:44:39","date_gmt":"2017-08-29T10:44:39","guid":{"rendered":"https:\/\/rowshop.com\/shop\/okategoriserad\/1017\/"},"modified":"2018-02-03T16:10:24","modified_gmt":"2018-02-03T15:10:24","slug":"1017","status":"publish","type":"product","link":"https:\/\/rowshop.com\/sv\/butik\/batar\/1017\/","title":{"rendered":"Wintech Cobra 1X"},"content":{"rendered":"<p>Wintechs b\u00e4sta singel! Byggd f\u00f6r att ro mot yppersta eliten. H\u00e5rd, styv men \u00e4nd\u00e5 l\u00e4tt \u00e4r egenskaper som symboliserar denna svarta sk\u00f6nhet. Levereras med bogmonterad vingrigg i carbon. Finns i fyra skrovstorlekar beroende p\u00e5 roddarens vikt.<\/p>\n","protected":false},"excerpt":{"rendered":"<p>Modell Cobra \u00e4r Wintechs b\u00e4sta modell. Byggd f\u00f6r att ros i de tuffaste loppen med den h\u00e5rdaste konkurrensen. Konstruktionen best\u00e5r av en &#8221;sandwich&#8221; k\u00e4rna med dubbla lager av carbonv\u00e4v p\u00e5 s\u00e5v\u00e4l utsida som insida. Extra f\u00f6rst\u00e4rkt i k\u00f6l och spann g\u00f6r den extremt styv. B\u00e5ten klara FISAS viktregler. Kan f\u00e5s med matt finish, blank klarlack eller med f\u00e4rg.<\/p>\n","protected":false},"featured_media":774,"template":"","meta":{"_acf_changed":false},"product_brand":[],"product_cat":[106],"product_tag":[117,122,145],"class_list":{"0":"post-1017","1":"product","2":"type-product","3":"status-publish","4":"has-post-thumbnail","6":"product_cat-batar","7":"product_tag-1x-sv","8":"product_tag-cobra-sv","9":"product_tag-wintech-racing-sv","11":"first","12":"instock","13":"taxable","14":"shipping-taxable","15":"purchasable","16":"product-type-simple"},"acf":[],"_links":{"self":[{"href":"https:\/\/rowshop.com\/sv\/wp-json\/wp\/v2\/product\/1017","targetHints":{"allow":["GET"]}}],"collection":[{"href":"https:\/\/rowshop.com\/sv\/wp-json\/wp\/v2\/product"}],"about":[{"href":"https:\/\/rowshop.com\/sv\/wp-json\/wp\/v2\/types\/product"}],"wp:featuredmedia":[{"embeddable":true,"href":"https:\/\/rowshop.com\/sv\/wp-json\/wp\/v2\/media\/774"}],"wp:attachment":[{"href":"https:\/\/rowshop.com\/sv\/wp-json\/wp\/v2\/media?parent=1017"}],"wp:term":[{"taxonomy":"product_brand","embeddable":true,"href":"https:\/\/rowshop.com\/sv\/wp-json\/wp\/v2\/product_brand?post=1017"},{"taxonomy":"product_cat","embeddable":true,"href":"https:\/\/rowshop.com\/sv\/wp-json\/wp\/v2\/product_cat?post=1017"},{"taxonomy":"product_tag","embeddable":true,"href":"https:\/\/rowshop.com\/sv\/wp-json\/wp\/v2\/product_tag?post=1017"}],"curies":[{"name":"wp","href":"https:\/\/api.w.org\/{rel}","templated":true}]}}