{"id":1019,"date":"2017-08-24T14:59:58","date_gmt":"2017-08-24T12:59:58","guid":{"rendered":"https:\/\/rowshop.com\/shop\/okategoriserad\/bogboll\/"},"modified":"2017-08-24T14:59:58","modified_gmt":"2017-08-24T12:59:58","slug":"bogboll","status":"publish","type":"product","link":"https:\/\/rowshop.com\/sv\/butik\/reservdelar\/bogboll\/","title":{"rendered":"Bogboll"},"content":{"rendered":"<p>Bogboll f\u00f6r montering p\u00e5 b\u00e5tens f\u00f6r. Skyddar b\u00e5t och omgivning s\u00e5v\u00e4l p\u00e5 land som p\u00e5 vatten. Finns i tv\u00e5 storlekar.<\/p>\n","protected":false},"excerpt":{"rendered":"<p>Bogboll f\u00f6r montering p\u00e5 b\u00e5tens f\u00f6r. Skyddar b\u00e5t och omgivning s\u00e5v\u00e4l p\u00e5 land som p\u00e5 vatten. Finns i tv\u00e5 storlekar.<\/p>\n","protected":false},"featured_media":788,"template":"","meta":{"_acf_changed":false},"product_brand":[],"product_cat":[111],"product_tag":[145],"class_list":{"0":"post-1019","1":"product","2":"type-product","3":"status-publish","4":"has-post-thumbnail","6":"product_cat-reservdelar","7":"product_tag-wintech-racing-sv","9":"first","10":"instock","11":"taxable","12":"shipping-taxable","13":"purchasable","14":"product-type-variable"},"acf":[],"_links":{"self":[{"href":"https:\/\/rowshop.com\/sv\/wp-json\/wp\/v2\/product\/1019","targetHints":{"allow":["GET"]}}],"collection":[{"href":"https:\/\/rowshop.com\/sv\/wp-json\/wp\/v2\/product"}],"about":[{"href":"https:\/\/rowshop.com\/sv\/wp-json\/wp\/v2\/types\/product"}],"wp:featuredmedia":[{"embeddable":true,"href":"https:\/\/rowshop.com\/sv\/wp-json\/wp\/v2\/media\/788"}],"wp:attachment":[{"href":"https:\/\/rowshop.com\/sv\/wp-json\/wp\/v2\/media?parent=1019"}],"wp:term":[{"taxonomy":"product_brand","embeddable":true,"href":"https:\/\/rowshop.com\/sv\/wp-json\/wp\/v2\/product_brand?post=1019"},{"taxonomy":"product_cat","embeddable":true,"href":"https:\/\/rowshop.com\/sv\/wp-json\/wp\/v2\/product_cat?post=1019"},{"taxonomy":"product_tag","embeddable":true,"href":"https:\/\/rowshop.com\/sv\/wp-json\/wp\/v2\/product_tag?post=1019"}],"curies":[{"name":"wp","href":"https:\/\/api.w.org\/{rel}","templated":true}]}}