{"id":1022,"date":"2017-08-24T14:57:26","date_gmt":"2017-08-24T12:57:26","guid":{"rendered":"https:\/\/rowshop.com\/shop\/okategoriserad\/slejdhjul\/"},"modified":"2018-02-14T22:41:04","modified_gmt":"2018-02-14T21:41:04","slug":"slejdhjul","status":"publish","type":"product","link":"https:\/\/rowshop.com\/sv\/butik\/reservdelar\/slejdhjul\/","title":{"rendered":"Slejdhjul"},"content":{"rendered":"<p>Slejdhjul till slejd. Tillverkad i kompositmaterial med f\u00f6rseglade kullager f\u00f6r b\u00e4sta prestanda. Enkelt att byta och montera.<\/p>\n","protected":false},"excerpt":{"rendered":"<p>Slejdhjul till slejd. Tillverkad i kompositmaterial med f\u00f6rseglade kullager f\u00f6r b\u00e4sta prestanda. Enkelt att byta och montera.<\/p>\n","protected":false},"featured_media":1167,"template":"","meta":{"_acf_changed":false},"product_brand":[],"product_cat":[111],"product_tag":[126,145],"class_list":{"0":"post-1022","1":"product","2":"type-product","3":"status-publish","4":"has-post-thumbnail","6":"product_cat-reservdelar","7":"product_tag-filippi-sv","8":"product_tag-wintech-racing-sv","10":"first","11":"outofstock","12":"taxable","13":"shipping-taxable","14":"purchasable","15":"product-type-variable"},"acf":[],"_links":{"self":[{"href":"https:\/\/rowshop.com\/sv\/wp-json\/wp\/v2\/product\/1022","targetHints":{"allow":["GET"]}}],"collection":[{"href":"https:\/\/rowshop.com\/sv\/wp-json\/wp\/v2\/product"}],"about":[{"href":"https:\/\/rowshop.com\/sv\/wp-json\/wp\/v2\/types\/product"}],"wp:featuredmedia":[{"embeddable":true,"href":"https:\/\/rowshop.com\/sv\/wp-json\/wp\/v2\/media\/1167"}],"wp:attachment":[{"href":"https:\/\/rowshop.com\/sv\/wp-json\/wp\/v2\/media?parent=1022"}],"wp:term":[{"taxonomy":"product_brand","embeddable":true,"href":"https:\/\/rowshop.com\/sv\/wp-json\/wp\/v2\/product_brand?post=1022"},{"taxonomy":"product_cat","embeddable":true,"href":"https:\/\/rowshop.com\/sv\/wp-json\/wp\/v2\/product_cat?post=1022"},{"taxonomy":"product_tag","embeddable":true,"href":"https:\/\/rowshop.com\/sv\/wp-json\/wp\/v2\/product_tag?post=1022"}],"curies":[{"name":"wp","href":"https:\/\/api.w.org\/{rel}","templated":true}]}}