{"id":1023,"date":"2017-08-24T14:45:11","date_gmt":"2017-08-24T12:45:11","guid":{"rendered":"https:\/\/rowshop.com\/shop\/okategoriserad\/fena\/"},"modified":"2017-08-24T14:45:11","modified_gmt":"2017-08-24T12:45:11","slug":"fena","status":"publish","type":"product","link":"https:\/\/rowshop.com\/sv\/butik\/reservdelar\/fena\/","title":{"rendered":"Fena &#8211; Carbon"},"content":{"rendered":"<p>Fena till 1x, 2x och 2-. Tillverkad i carbon f\u00f6r att erh\u00e5lla l\u00e5g vikt i kombination med h\u00f6g styvhet.<\/p>\n","protected":false},"excerpt":{"rendered":"<p>Fena till 1x, 2x och 2-. Tillverkad i carbon f\u00f6r att erh\u00e5lla l\u00e5g vikt i kombination med h\u00f6g styvhet.<\/p>\n","protected":false},"featured_media":795,"template":"","meta":{"_acf_changed":false},"product_brand":[],"product_cat":[111],"product_tag":[145],"class_list":{"0":"post-1023","1":"product","2":"type-product","3":"status-publish","4":"has-post-thumbnail","6":"product_cat-reservdelar","7":"product_tag-wintech-racing-sv","9":"first","10":"instock","11":"taxable","12":"shipping-taxable","13":"purchasable","14":"product-type-simple"},"acf":[],"_links":{"self":[{"href":"https:\/\/rowshop.com\/sv\/wp-json\/wp\/v2\/product\/1023","targetHints":{"allow":["GET"]}}],"collection":[{"href":"https:\/\/rowshop.com\/sv\/wp-json\/wp\/v2\/product"}],"about":[{"href":"https:\/\/rowshop.com\/sv\/wp-json\/wp\/v2\/types\/product"}],"wp:featuredmedia":[{"embeddable":true,"href":"https:\/\/rowshop.com\/sv\/wp-json\/wp\/v2\/media\/795"}],"wp:attachment":[{"href":"https:\/\/rowshop.com\/sv\/wp-json\/wp\/v2\/media?parent=1023"}],"wp:term":[{"taxonomy":"product_brand","embeddable":true,"href":"https:\/\/rowshop.com\/sv\/wp-json\/wp\/v2\/product_brand?post=1023"},{"taxonomy":"product_cat","embeddable":true,"href":"https:\/\/rowshop.com\/sv\/wp-json\/wp\/v2\/product_cat?post=1023"},{"taxonomy":"product_tag","embeddable":true,"href":"https:\/\/rowshop.com\/sv\/wp-json\/wp\/v2\/product_tag?post=1023"}],"curies":[{"name":"wp","href":"https:\/\/api.w.org\/{rel}","templated":true}]}}