{"id":1027,"date":"2018-02-03T13:58:27","date_gmt":"2018-02-03T12:58:27","guid":{"rendered":"https:\/\/rowshop.com\/shop\/okategoriserad\/concept-2-modell-d\/"},"modified":"2018-02-17T20:09:10","modified_gmt":"2018-02-17T19:09:10","slug":"concept-2-modell-d","status":"publish","type":"product","link":"https:\/\/rowshop.com\/sv\/butik\/okategoriserad\/concept-2-modell-d\/","title":{"rendered":"Concept 2 Modell D"},"content":{"rendered":"<p>Med luftmotst\u00e5ndet byggs motst\u00e5ndet stegl\u00f6st upp allt eftersom du kommer upp i dragstyrka under \u00e5rtaget. Det ger en mycket god k\u00e4nsla och b\u00e4ttre belastningskurva \u00e4n m\u00e5nga andra roddmaskiner p\u00e5 marknaden. D\u00e4rf\u00f6r \u00e4r den ocks\u00e5 v\u00e4rldens mest s\u00e5lda roddmaskin de senaste 20 \u00e5ren !<\/p>\n<p>Monitorn PM5 ger snabb och korrekt feedback p\u00e5 utf\u00f6rt arbete. Din prestation visas p\u00e5 en tydlig monitor och informationen lagras i PM5 alternativt i ett USB-minne om du \u00f6nskar. Monitorn \u00e4r f\u00f6rsedd med bakgrundsbelysning f\u00f6r optimal visibilitet. Justerbar monitorarm.<\/p>\n<p>Det ergonomiska roddhandtaget ger bra f\u00e4ste och s\u00e4kerst\u00e4ller en bra roddposition. Skenan d\u00e4r slejden rullar p\u00e5 dubbla kullagrade hjul \u00e4r gjord i aluminium. T\u00e5l belastningar p\u00e5 180kg.<\/p>\n<p>Anv\u00e4ndare rekommenderas att uppdatera mjukvaran till den senaste versionen. H\u00e4r finns steg f\u00f6r steg instruktioner p\u00e5 engelska hur ni g\u00e5r till v\u00e4ga:\u00a0<a href=\"http:\/\/www.concept2.com\/service\/software\/concept2-utility\" target=\"_blank\" rel=\"noopener\">http:\/\/www.concept2.com\/service\/software\/concept2-utility<\/a><\/p>\n","protected":false},"excerpt":{"rendered":"<p>Concept 2 roddmaskin, modell D med PM5.<\/p>\n","protected":false},"featured_media":1014,"template":"","meta":{"_acf_changed":false},"product_brand":[],"product_cat":[201],"product_tag":[],"class_list":{"0":"post-1027","1":"product","2":"type-product","3":"status-publish","4":"has-post-thumbnail","6":"product_cat-okategoriserad","8":"first","9":"instock","10":"taxable","11":"shipping-taxable","12":"purchasable","13":"product-type-simple"},"acf":[],"_links":{"self":[{"href":"https:\/\/rowshop.com\/sv\/wp-json\/wp\/v2\/product\/1027","targetHints":{"allow":["GET"]}}],"collection":[{"href":"https:\/\/rowshop.com\/sv\/wp-json\/wp\/v2\/product"}],"about":[{"href":"https:\/\/rowshop.com\/sv\/wp-json\/wp\/v2\/types\/product"}],"wp:featuredmedia":[{"embeddable":true,"href":"https:\/\/rowshop.com\/sv\/wp-json\/wp\/v2\/media\/1014"}],"wp:attachment":[{"href":"https:\/\/rowshop.com\/sv\/wp-json\/wp\/v2\/media?parent=1027"}],"wp:term":[{"taxonomy":"product_brand","embeddable":true,"href":"https:\/\/rowshop.com\/sv\/wp-json\/wp\/v2\/product_brand?post=1027"},{"taxonomy":"product_cat","embeddable":true,"href":"https:\/\/rowshop.com\/sv\/wp-json\/wp\/v2\/product_cat?post=1027"},{"taxonomy":"product_tag","embeddable":true,"href":"https:\/\/rowshop.com\/sv\/wp-json\/wp\/v2\/product_tag?post=1027"}],"curies":[{"name":"wp","href":"https:\/\/api.w.org\/{rel}","templated":true}]}}