{"id":1037,"date":"2017-08-24T11:55:17","date_gmt":"2017-08-24T09:55:17","guid":{"rendered":"https:\/\/rowshop.com\/shop\/okategoriserad\/hallare-for-nummerskylt\/"},"modified":"2017-08-24T11:55:17","modified_gmt":"2017-08-24T09:55:17","slug":"hallare-for-nummerskylt","status":"publish","type":"product","link":"https:\/\/rowshop.com\/sv\/butik\/reservdelar\/hallare-for-nummerskylt\/","title":{"rendered":"H\u00e5llare f\u00f6r nummerskylt"},"content":{"rendered":"<p>H\u00e5llare som f\u00e4stes i b\u00e5tens f\u00f6r. Gjord f\u00f6r att passa nummmerskyltar som anv\u00e4nds vid tr\u00e4ning och t\u00e4vling. F\u00e4stes med M4 skruvar i skrovet.<\/p>\n","protected":false},"excerpt":{"rendered":"<p>H\u00e5llare som f\u00e4stes i b\u00e5tens f\u00f6r. Gjord f\u00f6r att passa nummmerskyltar som anv\u00e4nds vid tr\u00e4ning och t\u00e4vling. F\u00e4stes med M4 skruvar i skrovet.<\/p>\n","protected":false},"featured_media":764,"template":"","meta":{"_acf_changed":false},"product_brand":[],"product_cat":[111],"product_tag":[145],"class_list":{"0":"post-1037","1":"product","2":"type-product","3":"status-publish","4":"has-post-thumbnail","6":"product_cat-reservdelar","7":"product_tag-wintech-racing-sv","9":"first","10":"instock","11":"taxable","12":"shipping-taxable","13":"purchasable","14":"product-type-simple"},"acf":[],"_links":{"self":[{"href":"https:\/\/rowshop.com\/sv\/wp-json\/wp\/v2\/product\/1037","targetHints":{"allow":["GET"]}}],"collection":[{"href":"https:\/\/rowshop.com\/sv\/wp-json\/wp\/v2\/product"}],"about":[{"href":"https:\/\/rowshop.com\/sv\/wp-json\/wp\/v2\/types\/product"}],"wp:featuredmedia":[{"embeddable":true,"href":"https:\/\/rowshop.com\/sv\/wp-json\/wp\/v2\/media\/764"}],"wp:attachment":[{"href":"https:\/\/rowshop.com\/sv\/wp-json\/wp\/v2\/media?parent=1037"}],"wp:term":[{"taxonomy":"product_brand","embeddable":true,"href":"https:\/\/rowshop.com\/sv\/wp-json\/wp\/v2\/product_brand?post=1037"},{"taxonomy":"product_cat","embeddable":true,"href":"https:\/\/rowshop.com\/sv\/wp-json\/wp\/v2\/product_cat?post=1037"},{"taxonomy":"product_tag","embeddable":true,"href":"https:\/\/rowshop.com\/sv\/wp-json\/wp\/v2\/product_tag?post=1037"}],"curies":[{"name":"wp","href":"https:\/\/api.w.org\/{rel}","templated":true}]}}