{"id":1057,"date":"2017-08-23T14:25:48","date_gmt":"2017-08-23T12:25:48","guid":{"rendered":"https:\/\/rowshop.com\/shop\/okategoriserad\/smoothie-2-plain\/"},"modified":"2018-02-14T22:50:50","modified_gmt":"2018-02-14T21:50:50","slug":"smoothie-2-plain","status":"publish","type":"product","link":"https:\/\/rowshop.com\/sv\/butik\/aror\/smoothie-2-plain\/","title":{"rendered":"Smoothie 2, Plain"},"content":{"rendered":"<p>Ett popul\u00e4rt \u00e5rblad som \u00e4r plant och utan vortex kant. Ger en n\u00e5got mindre belastning vid is\u00e4ttet och\u00a0 f\u00f6rsta 1\/3- av \u00e5rtaget. Men bra f\u00e4ste och grepp den sista 1\/3 av \u00e5rtaget in mot slutdraget.\u00a0 Har en liten kurvatur p\u00e5 \u00f6vre delen av \u00e5rbladet som hj\u00e4lper till att h\u00e5lla \u00e5ran p\u00e5 r\u00e4tt djup under draget.<\/p>\n","protected":false},"excerpt":{"rendered":"<p>Ett popul\u00e4rt \u00e5rblad som \u00e4r plant och utan vortex kant. Ger en n\u00e5got mindre belastning vid is\u00e4ttet och\u00a0 f\u00f6rsta 1\/3- av \u00e5rtaget. Men bra f\u00e4ste och grepp den sista 1\/3 av \u00e5rtaget in mot slutdraget.\u00a0 Har en liten kurvatur p\u00e5 \u00f6vre delen av \u00e5rbladet som hj\u00e4lper till att h\u00e5lla \u00e5ran p\u00e5 r\u00e4tt djup under draget.<\/p>\n","protected":false},"featured_media":856,"template":"","meta":{"_acf_changed":false},"product_brand":[],"product_cat":[110],"product_tag":[134,112],"class_list":{"0":"post-1057","1":"product","2":"type-product","3":"status-publish","4":"has-post-thumbnail","6":"product_cat-aror","7":"product_tag-ara","8":"product_tag-concept-2-sv","10":"first","11":"instock","12":"taxable","13":"shipping-taxable","14":"purchasable","15":"product-type-variable"},"acf":[],"_links":{"self":[{"href":"https:\/\/rowshop.com\/sv\/wp-json\/wp\/v2\/product\/1057","targetHints":{"allow":["GET"]}}],"collection":[{"href":"https:\/\/rowshop.com\/sv\/wp-json\/wp\/v2\/product"}],"about":[{"href":"https:\/\/rowshop.com\/sv\/wp-json\/wp\/v2\/types\/product"}],"wp:featuredmedia":[{"embeddable":true,"href":"https:\/\/rowshop.com\/sv\/wp-json\/wp\/v2\/media\/856"}],"wp:attachment":[{"href":"https:\/\/rowshop.com\/sv\/wp-json\/wp\/v2\/media?parent=1057"}],"wp:term":[{"taxonomy":"product_brand","embeddable":true,"href":"https:\/\/rowshop.com\/sv\/wp-json\/wp\/v2\/product_brand?post=1057"},{"taxonomy":"product_cat","embeddable":true,"href":"https:\/\/rowshop.com\/sv\/wp-json\/wp\/v2\/product_cat?post=1057"},{"taxonomy":"product_tag","embeddable":true,"href":"https:\/\/rowshop.com\/sv\/wp-json\/wp\/v2\/product_tag?post=1057"}],"curies":[{"name":"wp","href":"https:\/\/api.w.org\/{rel}","templated":true}]}}