{"id":1060,"date":"2017-08-23T14:18:28","date_gmt":"2017-08-23T12:18:28","guid":{"rendered":"https:\/\/rowshop.com\/shop\/okategoriserad\/smoothie-2-vortex\/"},"modified":"2017-08-23T14:18:28","modified_gmt":"2017-08-23T12:18:28","slug":"smoothie-2-vortex","status":"publish","type":"product","link":"https:\/\/rowshop.com\/sv\/butik\/aror\/smoothie-2-vortex\/","title":{"rendered":"Smoothie 2, Vortex"},"content":{"rendered":"<p>Ett \u00e5rblad med en extra konstruktion p\u00e5 &#8221;kanten&#8221; av \u00e5rbladet. D\u00e4r finns en kompositkonstruktion som g\u00f6r att \u00e5ran sk\u00e4r l\u00e4ttare genom vattnet och f\u00e5r b\u00e4ttre grepp. Speciellt m\u00e4rks det under f\u00f6rsta 1\/3 av \u00e5rtaget.<br \/>\nKanten ger ocks\u00e5 \u00e5ran lite extra skydd mod f\u00f6rslitning.<\/p>\n","protected":false},"excerpt":{"rendered":"<p>Ett \u00e5rblad med en extra konstruktion p\u00e5 &#8221;kanten&#8221; av \u00e5rbladet. D\u00e4r finns en kompositkonstruktion som g\u00f6r att \u00e5ran sk\u00e4r l\u00e4ttare genom vattnet och f\u00e5r b\u00e4ttre grepp. Speciellt m\u00e4rks det under f\u00f6rsta 1\/3 av \u00e5rtaget. Kanten ger ocks\u00e5 \u00e5ran lite extra skydd mod f\u00f6rslitning.<\/p>\n","protected":false},"featured_media":854,"template":"","meta":{"_acf_changed":false},"product_brand":[],"product_cat":[110],"product_tag":[134,112],"class_list":{"0":"post-1060","1":"product","2":"type-product","3":"status-publish","4":"has-post-thumbnail","6":"product_cat-aror","7":"product_tag-ara","8":"product_tag-concept-2-sv","10":"first","11":"instock","12":"taxable","13":"shipping-taxable","14":"purchasable","15":"product-type-variable"},"acf":[],"_links":{"self":[{"href":"https:\/\/rowshop.com\/sv\/wp-json\/wp\/v2\/product\/1060","targetHints":{"allow":["GET"]}}],"collection":[{"href":"https:\/\/rowshop.com\/sv\/wp-json\/wp\/v2\/product"}],"about":[{"href":"https:\/\/rowshop.com\/sv\/wp-json\/wp\/v2\/types\/product"}],"wp:featuredmedia":[{"embeddable":true,"href":"https:\/\/rowshop.com\/sv\/wp-json\/wp\/v2\/media\/854"}],"wp:attachment":[{"href":"https:\/\/rowshop.com\/sv\/wp-json\/wp\/v2\/media?parent=1060"}],"wp:term":[{"taxonomy":"product_brand","embeddable":true,"href":"https:\/\/rowshop.com\/sv\/wp-json\/wp\/v2\/product_brand?post=1060"},{"taxonomy":"product_cat","embeddable":true,"href":"https:\/\/rowshop.com\/sv\/wp-json\/wp\/v2\/product_cat?post=1060"},{"taxonomy":"product_tag","embeddable":true,"href":"https:\/\/rowshop.com\/sv\/wp-json\/wp\/v2\/product_tag?post=1060"}],"curies":[{"name":"wp","href":"https:\/\/api.w.org\/{rel}","templated":true}]}}