{"id":1063,"date":"2017-08-16T21:35:25","date_gmt":"2017-08-16T19:35:25","guid":{"rendered":"https:\/\/rowshop.com\/shop\/okategoriserad\/komposit-handtag\/"},"modified":"2018-02-20T22:50:07","modified_gmt":"2018-02-20T21:50:07","slug":"komposit-handtag","status":"publish","type":"product","link":"https:\/\/rowshop.com\/sv\/butik\/utrustning\/komposit-handtag\/","title":{"rendered":"Handtag i komposit"},"content":{"rendered":"","protected":false},"excerpt":{"rendered":"<p>St\u00e4llbart handtag f\u00f6r sculler\u00e5ror. H\u00e4r kan du s\u00e4tta p\u00e5 vilka grepp du \u00f6nskar mellan 29-34mm. Sj\u00e4lva \u00e5rhandtaget i kompositmaterial \u00e4r 32mm i diameter.<\/p>\n","protected":false},"featured_media":779,"template":"","meta":{"_acf_changed":false},"product_brand":[],"product_cat":[107],"product_tag":[112,137],"class_list":{"0":"post-1063","1":"product","2":"type-product","3":"status-publish","4":"has-post-thumbnail","6":"product_cat-utrustning","7":"product_tag-concept-2-sv","8":"product_tag-sculler-handtag","10":"first","11":"instock","12":"taxable","13":"shipping-taxable","14":"purchasable","15":"product-type-simple"},"acf":[],"_links":{"self":[{"href":"https:\/\/rowshop.com\/sv\/wp-json\/wp\/v2\/product\/1063","targetHints":{"allow":["GET"]}}],"collection":[{"href":"https:\/\/rowshop.com\/sv\/wp-json\/wp\/v2\/product"}],"about":[{"href":"https:\/\/rowshop.com\/sv\/wp-json\/wp\/v2\/types\/product"}],"wp:featuredmedia":[{"embeddable":true,"href":"https:\/\/rowshop.com\/sv\/wp-json\/wp\/v2\/media\/779"}],"wp:attachment":[{"href":"https:\/\/rowshop.com\/sv\/wp-json\/wp\/v2\/media?parent=1063"}],"wp:term":[{"taxonomy":"product_brand","embeddable":true,"href":"https:\/\/rowshop.com\/sv\/wp-json\/wp\/v2\/product_brand?post=1063"},{"taxonomy":"product_cat","embeddable":true,"href":"https:\/\/rowshop.com\/sv\/wp-json\/wp\/v2\/product_cat?post=1063"},{"taxonomy":"product_tag","embeddable":true,"href":"https:\/\/rowshop.com\/sv\/wp-json\/wp\/v2\/product_tag?post=1063"}],"curies":[{"name":"wp","href":"https:\/\/api.w.org\/{rel}","templated":true}]}}