{"id":1064,"date":"2017-08-16T21:32:29","date_gmt":"2017-08-16T19:32:29","guid":{"rendered":"https:\/\/rowshop.com\/shop\/okategoriserad\/handtag-sculler-blatt-mjukt-skum\/"},"modified":"2018-02-20T22:50:38","modified_gmt":"2018-02-20T21:50:38","slug":"handtag-sculler-blatt-mjukt-skum","status":"publish","type":"product","link":"https:\/\/rowshop.com\/sv\/butik\/utrustning\/handtag-sculler-blatt-mjukt-skum\/","title":{"rendered":"Handtag sculler &#8211; Bl\u00e5tt mjukt skum"},"content":{"rendered":"","protected":false},"excerpt":{"rendered":"<p>St\u00e4llbart handtag till sculler\u00e5ror. Kl\u00e4tt med mjukare bl\u00e5tt gummi som ger en k\u00e4nsla av ett svampliknande material. Bra grepp men blir l\u00e4tt lite smutsigt d\u00e5 det \u00e4r relativt por\u00f6st.<br \/>\nDiameter : 35mm.<\/p>\n","protected":false},"featured_media":785,"template":"","meta":{"_acf_changed":false},"product_brand":[],"product_cat":[107],"product_tag":[112,137],"class_list":{"0":"post-1064","1":"product","2":"type-product","3":"status-publish","4":"has-post-thumbnail","6":"product_cat-utrustning","7":"product_tag-concept-2-sv","8":"product_tag-sculler-handtag","10":"first","11":"instock","12":"taxable","13":"shipping-taxable","14":"purchasable","15":"product-type-simple"},"acf":[],"_links":{"self":[{"href":"https:\/\/rowshop.com\/sv\/wp-json\/wp\/v2\/product\/1064","targetHints":{"allow":["GET"]}}],"collection":[{"href":"https:\/\/rowshop.com\/sv\/wp-json\/wp\/v2\/product"}],"about":[{"href":"https:\/\/rowshop.com\/sv\/wp-json\/wp\/v2\/types\/product"}],"wp:featuredmedia":[{"embeddable":true,"href":"https:\/\/rowshop.com\/sv\/wp-json\/wp\/v2\/media\/785"}],"wp:attachment":[{"href":"https:\/\/rowshop.com\/sv\/wp-json\/wp\/v2\/media?parent=1064"}],"wp:term":[{"taxonomy":"product_brand","embeddable":true,"href":"https:\/\/rowshop.com\/sv\/wp-json\/wp\/v2\/product_brand?post=1064"},{"taxonomy":"product_cat","embeddable":true,"href":"https:\/\/rowshop.com\/sv\/wp-json\/wp\/v2\/product_cat?post=1064"},{"taxonomy":"product_tag","embeddable":true,"href":"https:\/\/rowshop.com\/sv\/wp-json\/wp\/v2\/product_tag?post=1064"}],"curies":[{"name":"wp","href":"https:\/\/api.w.org\/{rel}","templated":true}]}}