{"id":1065,"date":"2017-08-16T21:29:19","date_gmt":"2017-08-16T19:29:19","guid":{"rendered":"https:\/\/rowshop.com\/shop\/okategoriserad\/handtag-sculler-svart\/"},"modified":"2018-02-20T22:54:55","modified_gmt":"2018-02-20T21:54:55","slug":"handtag-sculler-svart","status":"publish","type":"product","link":"https:\/\/rowshop.com\/sv\/butik\/utrustning\/handtag-sculler-svart\/","title":{"rendered":"Handtag sculler &#8211; svart"},"content":{"rendered":"","protected":false},"excerpt":{"rendered":"<p>St\u00e4llbart handtag till sculler\u00e5ror. Kl\u00e4tt med svart mjukare gummi som ger riktigt bra grepp.  Det lite mjukare gummit har dock nackdelen att det slits lite snabbare och f\u00e4rgar av sig p\u00e5 h\u00e4nderna vid h\u00e5rd anv\u00e4ndning.<br \/>\nDiameter : 35mm.<\/p>\n","protected":false},"featured_media":783,"template":"","meta":{"_acf_changed":false},"product_brand":[],"product_cat":[107],"product_tag":[112,137],"class_list":{"0":"post-1065","1":"product","2":"type-product","3":"status-publish","4":"has-post-thumbnail","6":"product_cat-utrustning","7":"product_tag-concept-2-sv","8":"product_tag-sculler-handtag","10":"first","11":"instock","12":"taxable","13":"shipping-taxable","14":"purchasable","15":"product-type-simple"},"acf":[],"_links":{"self":[{"href":"https:\/\/rowshop.com\/sv\/wp-json\/wp\/v2\/product\/1065","targetHints":{"allow":["GET"]}}],"collection":[{"href":"https:\/\/rowshop.com\/sv\/wp-json\/wp\/v2\/product"}],"about":[{"href":"https:\/\/rowshop.com\/sv\/wp-json\/wp\/v2\/types\/product"}],"wp:featuredmedia":[{"embeddable":true,"href":"https:\/\/rowshop.com\/sv\/wp-json\/wp\/v2\/media\/783"}],"wp:attachment":[{"href":"https:\/\/rowshop.com\/sv\/wp-json\/wp\/v2\/media?parent=1065"}],"wp:term":[{"taxonomy":"product_brand","embeddable":true,"href":"https:\/\/rowshop.com\/sv\/wp-json\/wp\/v2\/product_brand?post=1065"},{"taxonomy":"product_cat","embeddable":true,"href":"https:\/\/rowshop.com\/sv\/wp-json\/wp\/v2\/product_cat?post=1065"},{"taxonomy":"product_tag","embeddable":true,"href":"https:\/\/rowshop.com\/sv\/wp-json\/wp\/v2\/product_tag?post=1065"}],"curies":[{"name":"wp","href":"https:\/\/api.w.org\/{rel}","templated":true}]}}