{"id":1066,"date":"2017-08-16T21:11:25","date_gmt":"2017-08-16T19:11:25","guid":{"rendered":"https:\/\/rowshop.com\/shop\/okategoriserad\/handtag-sculler-azur-bla\/"},"modified":"2018-02-20T22:58:34","modified_gmt":"2018-02-20T21:58:34","slug":"handtag-sculler-azur-bla","status":"publish","type":"product","link":"https:\/\/rowshop.com\/sv\/butik\/utrustning\/handtag-sculler-azur-bla\/","title":{"rendered":"Handtag sculler &#8211; Azur bl\u00e5"},"content":{"rendered":"","protected":false},"excerpt":{"rendered":"<p>St\u00e4llbart handtag till sculler\u00e5ror. Kl\u00e4tt med bl\u00e5tt kraftigt gummi som ger bra grepp.  Det kraftiga bl\u00e5 gummit \u00e4r slitstarkt och f\u00e4rgar inte av sig.<br \/>\nDiameter : 36mm.<\/p>\n","protected":false},"featured_media":781,"template":"","meta":{"_acf_changed":false},"product_brand":[],"product_cat":[107],"product_tag":[112,137],"class_list":{"0":"post-1066","1":"product","2":"type-product","3":"status-publish","4":"has-post-thumbnail","6":"product_cat-utrustning","7":"product_tag-concept-2-sv","8":"product_tag-sculler-handtag","10":"first","11":"instock","12":"taxable","13":"shipping-taxable","14":"purchasable","15":"product-type-simple"},"acf":[],"_links":{"self":[{"href":"https:\/\/rowshop.com\/sv\/wp-json\/wp\/v2\/product\/1066","targetHints":{"allow":["GET"]}}],"collection":[{"href":"https:\/\/rowshop.com\/sv\/wp-json\/wp\/v2\/product"}],"about":[{"href":"https:\/\/rowshop.com\/sv\/wp-json\/wp\/v2\/types\/product"}],"wp:featuredmedia":[{"embeddable":true,"href":"https:\/\/rowshop.com\/sv\/wp-json\/wp\/v2\/media\/781"}],"wp:attachment":[{"href":"https:\/\/rowshop.com\/sv\/wp-json\/wp\/v2\/media?parent=1066"}],"wp:term":[{"taxonomy":"product_brand","embeddable":true,"href":"https:\/\/rowshop.com\/sv\/wp-json\/wp\/v2\/product_brand?post=1066"},{"taxonomy":"product_cat","embeddable":true,"href":"https:\/\/rowshop.com\/sv\/wp-json\/wp\/v2\/product_cat?post=1066"},{"taxonomy":"product_tag","embeddable":true,"href":"https:\/\/rowshop.com\/sv\/wp-json\/wp\/v2\/product_tag?post=1066"}],"curies":[{"name":"wp","href":"https:\/\/api.w.org\/{rel}","templated":true}]}}