{"id":1198,"date":"2017-09-09T16:22:21","date_gmt":"2017-09-09T14:22:21","guid":{"rendered":"https:\/\/rowshop.com\/shop\/okategoriserad\/hojdbricka-snap-on\/"},"modified":"2018-02-17T19:56:38","modified_gmt":"2018-02-17T18:56:38","slug":"hojdbricka-snap-on","status":"publish","type":"product","link":"https:\/\/rowshop.com\/sv\/butik\/utrustning\/hojdbricka-snap-on\/","title":{"rendered":"H\u00f6jdbricka &#8211; Snap on"},"content":{"rendered":"<p>Bricka i plast som \u00e4r konstruerad f\u00f6r att snabbt kunna justera h\u00f6jden p\u00e5 svirveln \u00e4ven om man \u00e4r ute i b\u00e5ten p\u00e5 sj\u00f6n. Finns i tv\u00e5 tjocklekar, 3mm eller 6mm.<\/p>\n","protected":false},"excerpt":{"rendered":"<p>H\u00f6jdbrickor till svirvelaxel. 3mm eller 6mm.<\/p>\n","protected":false},"featured_media":797,"template":"","meta":{"_acf_changed":false},"product_brand":[],"product_cat":[107],"product_tag":[],"class_list":{"0":"post-1198","1":"product","2":"type-product","3":"status-publish","4":"has-post-thumbnail","6":"product_cat-utrustning","8":"first","9":"instock","10":"taxable","11":"shipping-taxable","12":"purchasable","13":"product-type-variable","14":"has-default-attributes"},"acf":[],"_links":{"self":[{"href":"https:\/\/rowshop.com\/sv\/wp-json\/wp\/v2\/product\/1198","targetHints":{"allow":["GET"]}}],"collection":[{"href":"https:\/\/rowshop.com\/sv\/wp-json\/wp\/v2\/product"}],"about":[{"href":"https:\/\/rowshop.com\/sv\/wp-json\/wp\/v2\/types\/product"}],"wp:featuredmedia":[{"embeddable":true,"href":"https:\/\/rowshop.com\/sv\/wp-json\/wp\/v2\/media\/797"}],"wp:attachment":[{"href":"https:\/\/rowshop.com\/sv\/wp-json\/wp\/v2\/media?parent=1198"}],"wp:term":[{"taxonomy":"product_brand","embeddable":true,"href":"https:\/\/rowshop.com\/sv\/wp-json\/wp\/v2\/product_brand?post=1198"},{"taxonomy":"product_cat","embeddable":true,"href":"https:\/\/rowshop.com\/sv\/wp-json\/wp\/v2\/product_cat?post=1198"},{"taxonomy":"product_tag","embeddable":true,"href":"https:\/\/rowshop.com\/sv\/wp-json\/wp\/v2\/product_tag?post=1198"}],"curies":[{"name":"wp","href":"https:\/\/api.w.org\/{rel}","templated":true}]}}