{"id":1199,"date":"2017-08-16T14:56:12","date_gmt":"2017-08-16T12:56:12","guid":{"rendered":"https:\/\/rowshop.com\/shop\/okategoriserad\/handtag-ice-blue-thin\/"},"modified":"2017-08-16T14:56:12","modified_gmt":"2017-08-16T12:56:12","slug":"handtag-ice-blue-thin","status":"publish","type":"product","link":"https:\/\/rowshop.com\/sv\/butik\/utrustning\/handtag-ice-blue-thin\/","title":{"rendered":"Handtag &#8211; Ice Blue thin"},"content":{"rendered":"<p>Grepp i relativt h\u00e5rt h\u00e5llbart gummi. L\u00e4tt och mjukt rundat handtag med sm\u00e5 l\u00e4ngsg\u00e5ende rillor. Passar \u00e5rlommar med diameter mellan 32-39mm tjocklek.<\/p>\n","protected":false},"excerpt":{"rendered":"<p>&#8221;Ice Blue&#8221; grepp. Endast gummihandtag f\u00f6r utbyte p\u00e5 befintlig \u00e5ra.<\/p>\n","protected":false},"featured_media":786,"template":"","meta":{"_acf_changed":false},"product_brand":[],"product_cat":[107],"product_tag":[112,137],"class_list":{"0":"post-1199","1":"product","2":"type-product","3":"status-publish","4":"has-post-thumbnail","6":"product_cat-utrustning","7":"product_tag-concept-2-sv","8":"product_tag-sculler-handtag","10":"first","11":"instock","12":"taxable","13":"shipping-taxable","14":"purchasable","15":"product-type-simple"},"acf":[],"_links":{"self":[{"href":"https:\/\/rowshop.com\/sv\/wp-json\/wp\/v2\/product\/1199","targetHints":{"allow":["GET"]}}],"collection":[{"href":"https:\/\/rowshop.com\/sv\/wp-json\/wp\/v2\/product"}],"about":[{"href":"https:\/\/rowshop.com\/sv\/wp-json\/wp\/v2\/types\/product"}],"wp:featuredmedia":[{"embeddable":true,"href":"https:\/\/rowshop.com\/sv\/wp-json\/wp\/v2\/media\/786"}],"wp:attachment":[{"href":"https:\/\/rowshop.com\/sv\/wp-json\/wp\/v2\/media?parent=1199"}],"wp:term":[{"taxonomy":"product_brand","embeddable":true,"href":"https:\/\/rowshop.com\/sv\/wp-json\/wp\/v2\/product_brand?post=1199"},{"taxonomy":"product_cat","embeddable":true,"href":"https:\/\/rowshop.com\/sv\/wp-json\/wp\/v2\/product_cat?post=1199"},{"taxonomy":"product_tag","embeddable":true,"href":"https:\/\/rowshop.com\/sv\/wp-json\/wp\/v2\/product_tag?post=1199"}],"curies":[{"name":"wp","href":"https:\/\/api.w.org\/{rel}","templated":true}]}}