{"id":1203,"date":"2017-08-16T14:19:21","date_gmt":"2017-08-16T12:19:21","guid":{"rendered":"https:\/\/rowshop.com\/shop\/okategoriserad\/handtag-sculler-gront\/"},"modified":"2017-08-16T14:19:21","modified_gmt":"2017-08-16T12:19:21","slug":"handtag-sculler-gront","status":"publish","type":"product","link":"https:\/\/rowshop.com\/sv\/butik\/utrustning\/handtag-sculler-gront\/","title":{"rendered":"Handtag sculler &#8211; Gr\u00f6nt"},"content":{"rendered":"","protected":false},"excerpt":{"rendered":"<p>St\u00e4llbart handtag till sculler\u00e5ror. Det mest popul\u00e4ra handtaget till Concept2&#8217;s \u00e5ror. Gummi som har en matt yta med bra grepp. God h\u00e5llbarhet och gummit f\u00e4rgar inte av sig.<br \/>\nFinns i tre olika diameter :<br \/>\n&#8211; 32,0mm<br \/>\n&#8211; 34,5mm<br \/>\n&#8211; 37,0mm<\/p>\n","protected":false},"featured_media":750,"template":"","meta":{"_acf_changed":false},"product_brand":[],"product_cat":[107],"product_tag":[112,137],"class_list":{"0":"post-1203","1":"product","2":"type-product","3":"status-publish","4":"has-post-thumbnail","6":"product_cat-utrustning","7":"product_tag-concept-2-sv","8":"product_tag-sculler-handtag","10":"first","11":"instock","12":"taxable","13":"shipping-taxable","14":"purchasable","15":"product-type-simple"},"acf":[],"_links":{"self":[{"href":"https:\/\/rowshop.com\/sv\/wp-json\/wp\/v2\/product\/1203","targetHints":{"allow":["GET"]}}],"collection":[{"href":"https:\/\/rowshop.com\/sv\/wp-json\/wp\/v2\/product"}],"about":[{"href":"https:\/\/rowshop.com\/sv\/wp-json\/wp\/v2\/types\/product"}],"wp:featuredmedia":[{"embeddable":true,"href":"https:\/\/rowshop.com\/sv\/wp-json\/wp\/v2\/media\/750"}],"wp:attachment":[{"href":"https:\/\/rowshop.com\/sv\/wp-json\/wp\/v2\/media?parent=1203"}],"wp:term":[{"taxonomy":"product_brand","embeddable":true,"href":"https:\/\/rowshop.com\/sv\/wp-json\/wp\/v2\/product_brand?post=1203"},{"taxonomy":"product_cat","embeddable":true,"href":"https:\/\/rowshop.com\/sv\/wp-json\/wp\/v2\/product_cat?post=1203"},{"taxonomy":"product_tag","embeddable":true,"href":"https:\/\/rowshop.com\/sv\/wp-json\/wp\/v2\/product_tag?post=1203"}],"curies":[{"name":"wp","href":"https:\/\/api.w.org\/{rel}","templated":true}]}}