{"id":1269,"date":"2017-08-11T16:49:45","date_gmt":"2017-08-11T14:49:45","guid":{"rendered":"https:\/\/rowshop.com\/shop\/okategoriserad\/vijnkelfaste\/"},"modified":"2017-08-11T16:49:45","modified_gmt":"2017-08-11T14:49:45","slug":"vijnkelfaste","status":"publish","type":"product","link":"https:\/\/rowshop.com\/sv\/butik\/nielssen-kellerman-sv\/vijnkelfaste\/","title":{"rendered":"Vijnkelf\u00e4ste till taktklocka"},"content":{"rendered":"<p>Vinkelf\u00e4ste f\u00f6r din Strokecoach eller Speedcoach. <\/p>\n","protected":false},"excerpt":{"rendered":"<p>Vinkelf\u00e4ste f\u00f6r din Strokecoach eller Speedcoach.<\/p>\n","protected":false},"featured_media":780,"template":"","meta":{"_acf_changed":false},"product_brand":[],"product_cat":[108],"product_tag":[139,141],"class_list":{"0":"post-1269","1":"product","2":"type-product","3":"status-publish","4":"has-post-thumbnail","6":"product_cat-nielssen-kellerman-sv","7":"product_tag-speedcoach-sv","8":"product_tag-strokecoach-sv","10":"first","11":"instock","12":"taxable","13":"shipping-taxable","14":"purchasable","15":"product-type-simple"},"acf":[],"_links":{"self":[{"href":"https:\/\/rowshop.com\/sv\/wp-json\/wp\/v2\/product\/1269","targetHints":{"allow":["GET"]}}],"collection":[{"href":"https:\/\/rowshop.com\/sv\/wp-json\/wp\/v2\/product"}],"about":[{"href":"https:\/\/rowshop.com\/sv\/wp-json\/wp\/v2\/types\/product"}],"wp:featuredmedia":[{"embeddable":true,"href":"https:\/\/rowshop.com\/sv\/wp-json\/wp\/v2\/media\/780"}],"wp:attachment":[{"href":"https:\/\/rowshop.com\/sv\/wp-json\/wp\/v2\/media?parent=1269"}],"wp:term":[{"taxonomy":"product_brand","embeddable":true,"href":"https:\/\/rowshop.com\/sv\/wp-json\/wp\/v2\/product_brand?post=1269"},{"taxonomy":"product_cat","embeddable":true,"href":"https:\/\/rowshop.com\/sv\/wp-json\/wp\/v2\/product_cat?post=1269"},{"taxonomy":"product_tag","embeddable":true,"href":"https:\/\/rowshop.com\/sv\/wp-json\/wp\/v2\/product_tag?post=1269"}],"curies":[{"name":"wp","href":"https:\/\/api.w.org\/{rel}","templated":true}]}}