{"id":1271,"date":"2017-08-11T16:42:57","date_gmt":"2017-08-11T14:42:57","guid":{"rendered":"https:\/\/rowshop.com\/shop\/okategoriserad\/intervall-2000-splitrate-watch\/"},"modified":"2017-08-11T16:42:57","modified_gmt":"2017-08-11T14:42:57","slug":"intervall-2000-splitrate-watch","status":"publish","type":"product","link":"https:\/\/rowshop.com\/sv\/butik\/nielssen-kellerman-sv\/intervall-2000-splitrate-watch\/","title":{"rendered":"Intervall 2000 Split\/Rate watch"},"content":{"rendered":"<p>Intervall 2000 \u00e4r inte ditt vanliga tidtagarur. M\u00e5nga coacher anv\u00e4nder just denna klockan f\u00f6r dess unika funktioner att m\u00e4ta takt och tider under ett tr\u00e4ningspass eller t\u00e4vling. Det g\u00e5r h\u00e4mta tider och takter fr\u00e5n tidigare pass, upp till 2000 data segemnt, d\u00e4rf\u00f6r namnet Intervall 2000.  <\/p>\n","protected":false},"excerpt":{"rendered":"<p>Intervall 2000 \u00e4r en eftertraktat kronometer som anv\u00e4nds av coacher runt om i v\u00e4rlden. Intervall 2000 erbjuder att noggrant m\u00e4ta takter, tider. Det g\u00e5r och h\u00e4mta data ifr\u00e5n flera lopp och tr\u00e4ningspass.  <\/p>\n<p>\u27a4 Takt visas med \u00bd taktslag noggranhet, eller tid per drag( Drag\/sekund)<br \/>\n\u27a4 Klocka och kalender finns med 12 eller 24 timmars format, automatiskt dag-m\u00e5nad-\u00e5r justering samt skott\u00e5r.<br \/>\n\u27a4 Kronograf fr\u00e5n 0 till 99:59:59.99.<br \/>\n\u27a4Taktm\u00e4tning sker med en egen knapp, precisionen justeras efter 1,2,3 eller 4 drag per m\u00e4tning.<br \/>\n\u27a4Batteritid ber\u00e4knas minst 300 timmmar. <\/p>\n<p>Skyddsh\u00f6lje\/Bumper inkluderas inte.<\/p>\n","protected":false},"featured_media":776,"template":"","meta":{"_acf_changed":false},"product_brand":[],"product_cat":[108],"product_tag":[133,140],"class_list":{"0":"post-1271","1":"product","2":"type-product","3":"status-publish","4":"has-post-thumbnail","6":"product_cat-nielssen-kellerman-sv","7":"product_tag-nielsen-kellerman-sv","8":"product_tag-split-rate-watch","10":"first","11":"instock","12":"taxable","13":"shipping-taxable","14":"purchasable","15":"product-type-simple"},"acf":[],"_links":{"self":[{"href":"https:\/\/rowshop.com\/sv\/wp-json\/wp\/v2\/product\/1271","targetHints":{"allow":["GET"]}}],"collection":[{"href":"https:\/\/rowshop.com\/sv\/wp-json\/wp\/v2\/product"}],"about":[{"href":"https:\/\/rowshop.com\/sv\/wp-json\/wp\/v2\/types\/product"}],"wp:featuredmedia":[{"embeddable":true,"href":"https:\/\/rowshop.com\/sv\/wp-json\/wp\/v2\/media\/776"}],"wp:attachment":[{"href":"https:\/\/rowshop.com\/sv\/wp-json\/wp\/v2\/media?parent=1271"}],"wp:term":[{"taxonomy":"product_brand","embeddable":true,"href":"https:\/\/rowshop.com\/sv\/wp-json\/wp\/v2\/product_brand?post=1271"},{"taxonomy":"product_cat","embeddable":true,"href":"https:\/\/rowshop.com\/sv\/wp-json\/wp\/v2\/product_cat?post=1271"},{"taxonomy":"product_tag","embeddable":true,"href":"https:\/\/rowshop.com\/sv\/wp-json\/wp\/v2\/product_tag?post=1271"}],"curies":[{"name":"wp","href":"https:\/\/api.w.org\/{rel}","templated":true}]}}