{"id":1274,"date":"2017-08-11T16:36:15","date_gmt":"2017-08-11T14:36:15","guid":{"rendered":"https:\/\/rowshop.com\/shop\/okategoriserad\/strokecoach\/"},"modified":"2017-08-11T16:36:15","modified_gmt":"2017-08-11T14:36:15","slug":"strokecoach","status":"publish","type":"product","link":"https:\/\/rowshop.com\/sv\/butik\/utrustning\/strokecoach\/","title":{"rendered":"Strokecoach"},"content":{"rendered":"<p>Strokecoach m\u00e4ter &#8211; Strokecoach, antal drag och f\u00f6rfluten tid under passet. Utan n\u00e5gra sladdar m\u00e4ts denna data med en k\u00e4nslig treaxig accelerometer. Du f\u00e5r ny data varje drag oavsett b\u00e5ttyp och plats i b\u00e5t. <\/p>\n","protected":false},"excerpt":{"rendered":"<p>StrokeCoach levereras med ett sp\u00e4nnf\u00e4ste f\u00f6r att snabbt och mobilt kunna \u00e4ndra plats p\u00e5 din taktklocka. Kan f\u00e4stas snabbt p\u00e5 en fotspark, rigg eller till och med din coxs ben. G\u00e5r \u00e4ven och anv\u00e4nda ett traditionellt T-f\u00e4ste eller vinkelf\u00e4ste.<\/p>\n<p>&lt;strong&gt;Inkluderas i paketet:&lt;\/strong&gt;<\/p>\n<p>2st CR2032 Batterier<br \/>\ns\u00e4kerhetssn\u00f6re<br \/>\nTyg f\u00f6rpackning<br \/>\nSp\u00e4nnf\u00e4ste<br \/>\nStrokecoach taktklocka<\/p>\n","protected":false},"featured_media":753,"template":"","meta":{"_acf_changed":false},"product_brand":[],"product_cat":[108,107],"product_tag":[133,141],"class_list":{"0":"post-1274","1":"product","2":"type-product","3":"status-publish","4":"has-post-thumbnail","6":"product_cat-nielssen-kellerman-sv","7":"product_cat-utrustning","8":"product_tag-nielsen-kellerman-sv","9":"product_tag-strokecoach-sv","11":"first","12":"instock","13":"taxable","14":"shipping-taxable","15":"purchasable","16":"product-type-simple"},"acf":[],"_links":{"self":[{"href":"https:\/\/rowshop.com\/sv\/wp-json\/wp\/v2\/product\/1274","targetHints":{"allow":["GET"]}}],"collection":[{"href":"https:\/\/rowshop.com\/sv\/wp-json\/wp\/v2\/product"}],"about":[{"href":"https:\/\/rowshop.com\/sv\/wp-json\/wp\/v2\/types\/product"}],"wp:featuredmedia":[{"embeddable":true,"href":"https:\/\/rowshop.com\/sv\/wp-json\/wp\/v2\/media\/753"}],"wp:attachment":[{"href":"https:\/\/rowshop.com\/sv\/wp-json\/wp\/v2\/media?parent=1274"}],"wp:term":[{"taxonomy":"product_brand","embeddable":true,"href":"https:\/\/rowshop.com\/sv\/wp-json\/wp\/v2\/product_brand?post=1274"},{"taxonomy":"product_cat","embeddable":true,"href":"https:\/\/rowshop.com\/sv\/wp-json\/wp\/v2\/product_cat?post=1274"},{"taxonomy":"product_tag","embeddable":true,"href":"https:\/\/rowshop.com\/sv\/wp-json\/wp\/v2\/product_tag?post=1274"}],"curies":[{"name":"wp","href":"https:\/\/api.w.org\/{rel}","templated":true}]}}