{"id":1385,"date":"2018-10-27T22:29:32","date_gmt":"2018-10-27T20:29:32","guid":{"rendered":"https:\/\/rowshop.com\/shop\/okategoriserad\/and\/"},"modified":"2018-10-27T22:29:32","modified_gmt":"2018-10-27T20:29:32","slug":"and","status":"publish","type":"product","link":"https:\/\/rowshop.com\/sv\/butik\/reservdelar\/and\/","title":{"rendered":"\u00c4ndplugg Concept 2"},"content":{"rendered":"<p>Plugg som f\u00e4ster skruven i dina justerbara handtag i \u00e5rorna. En vanlig reservdel som beh\u00f6ver bytas efter ca 5 \u00e5r.<\/p>\n<p> Pluggarna s\u00e4ljs individuellt, s\u00e5 k\u00f6p tv\u00e5 f\u00f6r ditt \u00e5r par!<\/p>\n","protected":false},"excerpt":{"rendered":"<p>Plugg som f\u00e4ster skruven i dina justerbara handtag i \u00e5rorna. En vanlig reservdel som beh\u00f6ver bytas efter ca 5 \u00e5r. Pluggarna s\u00e4ljs individuellt, s\u00e5 k\u00f6p tv\u00e5 f\u00f6r ditt \u00e5r par!<\/p>\n","protected":false},"featured_media":1183,"template":"","meta":{"_acf_changed":false},"product_brand":[],"product_cat":[111],"product_tag":[112],"class_list":{"0":"post-1385","1":"product","2":"type-product","3":"status-publish","4":"has-post-thumbnail","6":"product_cat-reservdelar","7":"product_tag-concept-2-sv","9":"first","10":"instock","11":"taxable","12":"shipping-taxable","13":"purchasable","14":"product-type-simple"},"acf":[],"_links":{"self":[{"href":"https:\/\/rowshop.com\/sv\/wp-json\/wp\/v2\/product\/1385","targetHints":{"allow":["GET"]}}],"collection":[{"href":"https:\/\/rowshop.com\/sv\/wp-json\/wp\/v2\/product"}],"about":[{"href":"https:\/\/rowshop.com\/sv\/wp-json\/wp\/v2\/types\/product"}],"wp:featuredmedia":[{"embeddable":true,"href":"https:\/\/rowshop.com\/sv\/wp-json\/wp\/v2\/media\/1183"}],"wp:attachment":[{"href":"https:\/\/rowshop.com\/sv\/wp-json\/wp\/v2\/media?parent=1385"}],"wp:term":[{"taxonomy":"product_brand","embeddable":true,"href":"https:\/\/rowshop.com\/sv\/wp-json\/wp\/v2\/product_brand?post=1385"},{"taxonomy":"product_cat","embeddable":true,"href":"https:\/\/rowshop.com\/sv\/wp-json\/wp\/v2\/product_cat?post=1385"},{"taxonomy":"product_tag","embeddable":true,"href":"https:\/\/rowshop.com\/sv\/wp-json\/wp\/v2\/product_tag?post=1385"}],"curies":[{"name":"wp","href":"https:\/\/api.w.org\/{rel}","templated":true}]}}