{"id":1389,"date":"2018-10-27T22:45:23","date_gmt":"2018-10-27T20:45:23","guid":{"rendered":"https:\/\/rowshop.com\/shop\/okategoriserad\/filippi-mas-rodd\/"},"modified":"2018-10-27T22:45:23","modified_gmt":"2018-10-27T20:45:23","slug":"filippi-mas-rodd","status":"publish","type":"product","link":"https:\/\/rowshop.com\/sv\/butik\/utrustning\/filippi-mas-rodd\/","title":{"rendered":"Filippi MAS Roddskor"},"content":{"rendered":"<p>MAS (Multi Adjustable System) m\u00f6jlig\u00f6r ett effektivare arbete genom roddraget, samt en mindre risk f\u00f6r skador med \u00f6kad stbilitet, komfort och b\u00e4ttre anpassad till fotsparken med Filippis nya MAS skor. Tillverkade av Filippi sj\u00e4lva f\u00f6r att passa den nya designen av fotsparkar med m\u00f6jlighet att justera i b\u00e5de horisontell och vertikalt riktning. Unikt med skorna \u00e4r en kil som monteras under h\u00e4len i skorna som ger en \u00f6verl\u00e4gset b\u00e4ttre kontakt med fotsparken j\u00e4mf\u00f6rt med \u00f6vriga skor p\u00e5 marknaden.<\/p>\n","protected":false},"excerpt":{"rendered":"<p>Filippis nya MAS skor har anl\u00e4nt! F\u00f6r \u00f6ka prestationen till en h\u00f6gre niv\u00e5. Att erbjuda v\u00e5ra idrottare den mest komfortabla och h\u00f6gsta prestanda bland marknadens roddskor. Filippi MAS ger en \u00f6kad arbetsvinkel och m\u00f6jligheten att enkelt anpassa positionen p\u00e5 skorna.<\/p>\n","protected":false},"featured_media":1113,"template":"","meta":{"_acf_changed":false},"product_brand":[],"product_cat":[107],"product_tag":[126],"class_list":{"0":"post-1389","1":"product","2":"type-product","3":"status-publish","4":"has-post-thumbnail","6":"product_cat-utrustning","7":"product_tag-filippi-sv","9":"first","10":"outofstock","11":"taxable","12":"shipping-taxable","13":"purchasable","14":"product-type-simple"},"acf":[],"_links":{"self":[{"href":"https:\/\/rowshop.com\/sv\/wp-json\/wp\/v2\/product\/1389","targetHints":{"allow":["GET"]}}],"collection":[{"href":"https:\/\/rowshop.com\/sv\/wp-json\/wp\/v2\/product"}],"about":[{"href":"https:\/\/rowshop.com\/sv\/wp-json\/wp\/v2\/types\/product"}],"wp:featuredmedia":[{"embeddable":true,"href":"https:\/\/rowshop.com\/sv\/wp-json\/wp\/v2\/media\/1113"}],"wp:attachment":[{"href":"https:\/\/rowshop.com\/sv\/wp-json\/wp\/v2\/media?parent=1389"}],"wp:term":[{"taxonomy":"product_brand","embeddable":true,"href":"https:\/\/rowshop.com\/sv\/wp-json\/wp\/v2\/product_brand?post=1389"},{"taxonomy":"product_cat","embeddable":true,"href":"https:\/\/rowshop.com\/sv\/wp-json\/wp\/v2\/product_cat?post=1389"},{"taxonomy":"product_tag","embeddable":true,"href":"https:\/\/rowshop.com\/sv\/wp-json\/wp\/v2\/product_tag?post=1389"}],"curies":[{"name":"wp","href":"https:\/\/api.w.org\/{rel}","templated":true}]}}