{"id":1392,"date":"2018-10-28T00:07:06","date_gmt":"2018-10-27T22:07:43","guid":{"rendered":"https:\/\/rowshop.com\/?post_type=product&#038;p=1392"},"modified":"2018-10-28T00:07:43","modified_gmt":"2018-10-27T22:07:43","slug":"wintech-skor","status":"publish","type":"product","link":"https:\/\/rowshop.com\/sv\/butik\/utrustning\/wintech-skor\/","title":{"rendered":"Wintech Skor"},"content":{"rendered":"","protected":false},"excerpt":{"rendered":"<p>Wintech skor erbjuder en styv sula och hj\u00e4lper kraft\u00f6verf\u00f6ringen genom roddraget. En universell roddsko, Passar de flesta b\u00e5tar och f\u00e4sts med M6 skruv.<\/p>\n","protected":false},"featured_media":1600,"template":"","meta":{"_acf_changed":false},"product_brand":[],"product_cat":[107],"product_tag":[144,145],"class_list":{"0":"post-1392","1":"product","2":"type-product","3":"status-publish","4":"has-post-thumbnail","6":"product_cat-utrustning","7":"product_tag-wintech-sv","8":"product_tag-wintech-racing-sv","10":"first","11":"instock","12":"taxable","13":"shipping-taxable","14":"purchasable","15":"product-type-simple"},"acf":[],"_links":{"self":[{"href":"https:\/\/rowshop.com\/sv\/wp-json\/wp\/v2\/product\/1392","targetHints":{"allow":["GET"]}}],"collection":[{"href":"https:\/\/rowshop.com\/sv\/wp-json\/wp\/v2\/product"}],"about":[{"href":"https:\/\/rowshop.com\/sv\/wp-json\/wp\/v2\/types\/product"}],"wp:featuredmedia":[{"embeddable":true,"href":"https:\/\/rowshop.com\/sv\/wp-json\/wp\/v2\/media\/1600"}],"wp:attachment":[{"href":"https:\/\/rowshop.com\/sv\/wp-json\/wp\/v2\/media?parent=1392"}],"wp:term":[{"taxonomy":"product_brand","embeddable":true,"href":"https:\/\/rowshop.com\/sv\/wp-json\/wp\/v2\/product_brand?post=1392"},{"taxonomy":"product_cat","embeddable":true,"href":"https:\/\/rowshop.com\/sv\/wp-json\/wp\/v2\/product_cat?post=1392"},{"taxonomy":"product_tag","embeddable":true,"href":"https:\/\/rowshop.com\/sv\/wp-json\/wp\/v2\/product_tag?post=1392"}],"curies":[{"name":"wp","href":"https:\/\/api.w.org\/{rel}","templated":true}]}}