{"id":906,"date":"2017-09-09T11:05:06","date_gmt":"2017-09-09T09:05:06","guid":{"rendered":"https:\/\/rowshop.com\/shop\/okategoriserad\/concept-2-t20\/"},"modified":"2018-03-09T22:55:13","modified_gmt":"2018-03-09T21:55:13","slug":"concept-2-t20","status":"publish","type":"product","link":"https:\/\/rowshop.com\/sv\/butik\/utrustning\/concept-2-t20\/","title":{"rendered":""},"content":{"rendered":"<p>Concept 2s ursprungliga T20 skruvmejsel. Anv\u00e4nd den f\u00f6r att justera l\u00e4ngden p\u00e5 dina \u00e5ror och byta handtag. H\u00f6g kvalit\u00e9 och god h\u00e5llbarhet.<\/p>\n","protected":false},"excerpt":{"rendered":"<p>Torx-verktyg T20. Originalet fr\u00e5n Concept2.<\/p>\n","protected":false},"featured_media":811,"template":"","meta":{"_acf_changed":false},"product_brand":[],"product_cat":[111,107],"product_tag":[112,113],"class_list":{"0":"post-906","1":"product","2":"type-product","3":"status-publish","4":"has-post-thumbnail","6":"product_cat-reservdelar","7":"product_cat-utrustning","8":"product_tag-concept-2-sv","9":"product_tag-verktyg","11":"first","12":"instock","13":"taxable","14":"shipping-taxable","15":"purchasable","16":"product-type-simple"},"acf":[],"_links":{"self":[{"href":"https:\/\/rowshop.com\/sv\/wp-json\/wp\/v2\/product\/906","targetHints":{"allow":["GET"]}}],"collection":[{"href":"https:\/\/rowshop.com\/sv\/wp-json\/wp\/v2\/product"}],"about":[{"href":"https:\/\/rowshop.com\/sv\/wp-json\/wp\/v2\/types\/product"}],"wp:featuredmedia":[{"embeddable":true,"href":"https:\/\/rowshop.com\/sv\/wp-json\/wp\/v2\/media\/811"}],"wp:attachment":[{"href":"https:\/\/rowshop.com\/sv\/wp-json\/wp\/v2\/media?parent=906"}],"wp:term":[{"taxonomy":"product_brand","embeddable":true,"href":"https:\/\/rowshop.com\/sv\/wp-json\/wp\/v2\/product_brand?post=906"},{"taxonomy":"product_cat","embeddable":true,"href":"https:\/\/rowshop.com\/sv\/wp-json\/wp\/v2\/product_cat?post=906"},{"taxonomy":"product_tag","embeddable":true,"href":"https:\/\/rowshop.com\/sv\/wp-json\/wp\/v2\/product_tag?post=906"}],"curies":[{"name":"wp","href":"https:\/\/api.w.org\/{rel}","templated":true}]}}