{"id":942,"date":"2018-01-09T14:38:39","date_gmt":"2018-01-09T13:38:39","guid":{"rendered":"https:\/\/rowshop.com\/shop\/okategoriserad\/coxbox\/"},"modified":"2018-02-17T22:44:35","modified_gmt":"2018-02-17T21:44:35","slug":"coxbox","status":"publish","type":"product","link":"https:\/\/rowshop.com\/sv\/butik\/utrustning\/coxbox\/","title":{"rendered":"CoxBox"},"content":{"rendered":"<p>Ing\u00e5ende i Coxbox:<\/p>\n<ul>\n<li>CoxBox<\/li>\n<li>CoxBox Skyddsh\u00f6lje tub<\/li>\n<li>CoxBox SKyddsh\u00f6lje kant<\/li>\n<li>Hand\/Axel Rem<\/li>\n<li>Uppladdningsbart lithium-polymer Batteri<\/li>\n<\/ul>\n<p><span style=\"text-decoration: underline;\"><strong>Specifikationer<\/strong><\/span><\/p>\n<table class=\"table table-striped table-hover table-responsive table-bordered nksports_specs\" width=\"1258\" data-toggle=\"table\">\n<tbody>\n<tr>\n<th class=\"col-xs-2 \">Minne<\/th>\n<td class=\"col-xs-10\">Takten sparas varje 10:e sekund, upp till 42 min och 40 skekunder takt, Antal dra och tid kan manuellt sparas med ett knapptryck.<\/td>\n<\/tr>\n<tr>\n<th class=\"col-xs-2 \">Enhetens vikt<\/th>\n<td class=\"col-xs-10\">567.09 g v\u00e4ger enheten ensam.<\/td>\n<\/tr>\n<tr>\n<th class=\"col-xs-2 \">Komplett enhet<\/th>\n<td class=\"col-xs-10\">567.09 g v\u00e4ger enheten ensam, batteripack, skyddsh\u00f6lje; 113.4 g f\u00f6r batteripack; 907.2 g f\u00f6r komplett system f\u00f6r 8+ med 3 h\u00f6gtalare.<\/td>\n<\/tr>\n<tr>\n<th class=\"col-xs-2 \">Coxbox Dimensioner<\/th>\n<td class=\"col-xs-2 \">\u00a0101.6 x 114.3 mm (L\u00e4ngd x Diameter).<\/td>\n<\/tr>\n<tr>\n<th class=\"col-xs-2 \">Skr\u00e4mens Dimensioner<\/th>\n<td colspan=\"3\">6.95 x 3.8 cm (L\u00e4ng x H\u00f6jd)<\/td>\n<\/tr>\n<tr>\n<th class=\"col-xs-2 \">Flytkraft<\/th>\n<td class=\"col-xs-10\">Flyter<br \/>\n<strong><i>Notera:\u00a0<\/i><\/strong>Coxbox med Batteripack och ansluten mikrofon flyter . Coxboxen enbart, flyter.\u00a0<strong>Batteripacket flyter inte.<\/strong><\/td>\n<\/tr>\n<tr>\n<th class=\"col-xs-2 \">Sk\u00e4rm<\/th>\n<td class=\"col-xs-10\">Monokrom LCD\u00a0med h\u00f6g kontrast<\/td>\n<\/tr>\n<tr>\n<th class=\"col-xs-2 \">Bakrundsljus<\/th>\n<td class=\"col-xs-10\">Bl\u00e5\/Gr\u00f6n automatisk bakgrundsbelyst sk\u00e4rm.<\/td>\n<\/tr>\n<tr>\n<th class=\"col-xs-2 \">Kontroller<\/th>\n<td class=\"col-xs-10\">Knapp(p\u00e5\/av\/volym), 3 knappar Start\/stop\/split\/Minne.<\/td>\n<\/tr>\n<tr>\n<th class=\"col-xs-2 \">Batterityp<\/th>\n<td class=\"col-xs-10\">Trecell lithium, uppladdningsbart med inbyggd m\u00e4tare.<\/td>\n<\/tr>\n<tr>\n<th class=\"col-xs-2 \">Batteritid<\/th>\n<td colspan=\"3\">Tre timmar aktiv anv\u00e4ndning (vid 3\/4 av max volym, pratande 50% av tiden, med 3 aktiva h\u00f6gtalare).<\/td>\n<\/tr>\n<tr>\n<th class=\"col-xs-2 \">Ladda Batteriet<\/th>\n<td class=\"col-xs-10\">930 mAh, 10.3 Wh. Presetandan varierar beroende p\u00e5 volym, aktiv pratade tid samt antalet aktiva h\u00f6gtalare. F\u00f6rv\u00e4ntad prestanda, 3 aktiva timmar med 3\/4 av max volym, 50% av tiden, med 3 aktiva h\u00f6gtalare. Upp till 10 timmar med sparsam volym och<\/td>\n<\/tr>\n<tr>\n<th class=\"col-xs-2 \">Batteri Temperatur<\/th>\n<td class=\"col-xs-10\">Laddning: 0 till 45\u00b0C; Anv\u00e4ndning &amp; F\u00f6rvaring: -20 till 45\u00b0C<\/td>\n<\/tr>\n<tr>\n<th class=\"col-xs-2 \">Skal<\/th>\n<td colspan=\"3\">Formgjuten polymer, akryllins, Formgjuten elastisk Skyddsh\u00f6lje.<\/td>\n<\/tr>\n<tr>\n<th class=\"col-xs-2 \">Garantiperiod<\/th>\n<td class=\"col-xs-10\">Tv\u00e5 \u00e5r.<\/td>\n<\/tr>\n<\/tbody>\n<\/table>\n","protected":false},"excerpt":{"rendered":"<p>Orginalet inom m\u00e4tning av takt och tid f\u00f6r roddsporten \u00e4r Nilsen Kellermans Cox Box. Designad f\u00f6r att vara coxens hj\u00e4lpreda och inormationsbank under tr\u00e4ning och t\u00e4vling. Senaste modellen ha batteripack som g\u00e5r att plocka bort f\u00f6r att underl\u00e4tta vid laddning. Anslutningar som \u00e4r t\u00e4tade mot fukt och vatten f\u00f6r b\u00e4ttre funktion. Hela enheten kan f\u00e5s kl\u00e4dd med gummiskydd som dels skyddar den mot st\u00f6tar och slag, men som ocks\u00e5 g\u00f6r att den blir l\u00e4tt att identifiera.<\/p>\n","protected":false},"featured_media":895,"template":"","meta":{"_acf_changed":false},"product_brand":[],"product_cat":[108,107],"product_tag":[124,132],"class_list":{"0":"post-942","1":"product","2":"type-product","3":"status-publish","4":"has-post-thumbnail","6":"product_cat-nielssen-kellerman-sv","7":"product_cat-utrustning","8":"product_tag-cox","9":"product_tag-nk-sv","11":"first","12":"instock","13":"taxable","14":"shipping-taxable","15":"purchasable","16":"product-type-simple"},"acf":[],"_links":{"self":[{"href":"https:\/\/rowshop.com\/sv\/wp-json\/wp\/v2\/product\/942","targetHints":{"allow":["GET"]}}],"collection":[{"href":"https:\/\/rowshop.com\/sv\/wp-json\/wp\/v2\/product"}],"about":[{"href":"https:\/\/rowshop.com\/sv\/wp-json\/wp\/v2\/types\/product"}],"wp:featuredmedia":[{"embeddable":true,"href":"https:\/\/rowshop.com\/sv\/wp-json\/wp\/v2\/media\/895"}],"wp:attachment":[{"href":"https:\/\/rowshop.com\/sv\/wp-json\/wp\/v2\/media?parent=942"}],"wp:term":[{"taxonomy":"product_brand","embeddable":true,"href":"https:\/\/rowshop.com\/sv\/wp-json\/wp\/v2\/product_brand?post=942"},{"taxonomy":"product_cat","embeddable":true,"href":"https:\/\/rowshop.com\/sv\/wp-json\/wp\/v2\/product_cat?post=942"},{"taxonomy":"product_tag","embeddable":true,"href":"https:\/\/rowshop.com\/sv\/wp-json\/wp\/v2\/product_tag?post=942"}],"curies":[{"name":"wp","href":"https:\/\/api.w.org\/{rel}","templated":true}]}}