{"id":943,"date":"2017-12-17T15:03:05","date_gmt":"2017-12-17T14:03:05","guid":{"rendered":"https:\/\/rowshop.com\/shop\/okategoriserad\/svirvel\/"},"modified":"2018-01-31T10:43:51","modified_gmt":"2018-01-31T09:43:51","slug":"svirvel","status":"publish","type":"product","link":"https:\/\/rowshop.com\/sv\/butik\/reservdelar\/svirvel\/","title":{"rendered":"Svirvel"},"content":{"rendered":"","protected":false},"excerpt":{"rendered":"<p>Svirvel fr\u00e5n Concept 2 i USA som \u00e4r designad f\u00f6r att stabilt positionera \u00e5ran under s\u00e5v\u00e4l dragfasen som \u00e5terg\u00e5ngen. L\u00e4tt att justera vinklarna med hj\u00e4lp av ett system med &#8221;ploppar&#8221; som st\u00e4ller vinkeln p\u00e5 svirveln i fasta l\u00e4gen.<\/p>\n<p>Tillverkad av slitstark nylon med en l\u00e5sbygel i rostfritt st\u00e5l. M\u00f6ter FISA:s krav p\u00e5 storlek och design.<\/p>\n","protected":false},"featured_media":893,"template":"","meta":{"_acf_changed":false},"product_brand":[],"product_cat":[111],"product_tag":[],"class_list":{"0":"post-943","1":"product","2":"type-product","3":"status-publish","4":"has-post-thumbnail","6":"product_cat-reservdelar","8":"first","9":"instock","10":"taxable","11":"shipping-taxable","12":"purchasable","13":"product-type-variable"},"acf":[],"_links":{"self":[{"href":"https:\/\/rowshop.com\/sv\/wp-json\/wp\/v2\/product\/943","targetHints":{"allow":["GET"]}}],"collection":[{"href":"https:\/\/rowshop.com\/sv\/wp-json\/wp\/v2\/product"}],"about":[{"href":"https:\/\/rowshop.com\/sv\/wp-json\/wp\/v2\/types\/product"}],"wp:featuredmedia":[{"embeddable":true,"href":"https:\/\/rowshop.com\/sv\/wp-json\/wp\/v2\/media\/893"}],"wp:attachment":[{"href":"https:\/\/rowshop.com\/sv\/wp-json\/wp\/v2\/media?parent=943"}],"wp:term":[{"taxonomy":"product_brand","embeddable":true,"href":"https:\/\/rowshop.com\/sv\/wp-json\/wp\/v2\/product_brand?post=943"},{"taxonomy":"product_cat","embeddable":true,"href":"https:\/\/rowshop.com\/sv\/wp-json\/wp\/v2\/product_cat?post=943"},{"taxonomy":"product_tag","embeddable":true,"href":"https:\/\/rowshop.com\/sv\/wp-json\/wp\/v2\/product_tag?post=943"}],"curies":[{"name":"wp","href":"https:\/\/api.w.org\/{rel}","templated":true}]}}