{"id":946,"date":"2017-12-02T20:56:43","date_gmt":"2017-12-02T19:56:43","guid":{"rendered":"https:\/\/rowshop.com\/shop\/okategoriserad\/946\/"},"modified":"2018-04-02T09:44:29","modified_gmt":"2018-04-02T07:44:29","slug":"946","status":"publish","type":"product","link":"https:\/\/rowshop.com\/sv\/butik\/aror\/946\/","title":{"rendered":""},"content":{"rendered":"<p><strong>Bantam Scull Funktioner :<\/strong><\/p>\n<p>De kompakta bladet \u00e4r formgjutet precis som de \u00f6vriga bladet \u00e4r ifr\u00e5n Concept 2. Samma vikt och balans men i ett mer h\u00e5llbart material. J\u00e4mf\u00f6rt med Smoothie2 och Fat2 kolfiberbladen s\u00e5 \u00e4r Bantam bladet kortare men samma bredd f\u00f6r att bibeh\u00e5lla stabilitet och effektivitet i vattnet.<br \/>\nBantam \u00e5rorna levereras i mediumflex styvhet och med en 5cm justerabart handtag i gr\u00f6nt gummi.<\/p>\n<p><strong>10 cm kortare \u00e4n Smoothie2 och Fat2 bladen<\/strong><strong>.<\/strong><\/p>\n<p>Den minskade ytan resulterar i ett smidigt, l\u00e4tt och anv\u00e4ndarv\u00e4ndligt blad med samma vikt som ett Smoothie 2 kolfiberblad.<br \/>\nBladet \u00e4r i\u00a0<span style=\"letter-spacing: 0.3px;\">standardutf\u00f6rande<\/span><span style=\"letter-spacing: 0.02em;\">\u00a0vitm\u00e5lat. Men G\u00e5r att f\u00e5r i 52 olika kul\u00f6rer.<br \/>\n<\/span><\/p>\n<p>Den rekommenderade \u00e5rl\u00e4ngden \u00e4r 281-286 cm f\u00f6r Bantam. J\u00e4mf\u00f6rt med \u00f6vriga \u00e5rblad.<br \/>\nSmoothie2 Plain Edge 284\u2013289<br \/>\nCompact 281\u2013286<br \/>\nFat2 278\u2013283<\/p>\n<p>&nbsp;<\/p>\n","protected":false},"excerpt":{"rendered":"<p>Bantan \u00e5rorna anv\u00e4nder samma &#8217;ultralight&#8217; skaft som \u00f6vriga \u00e5ror, med ett n\u00e5got kortare men bredare \u00e5rblad som \u00e4r v\u00e4ldigt h\u00e5llbart. Bantam\u00e5rans v\u00e4ger lika mycket som Smoothie2 och Fat2 bladen vilket resulteterar i samma k\u00e4nsla. Bladet \u00e4r tillverkat i ett mer h\u00e5llbart material och \u00e4r d\u00e4rmed betydligt mer resistent mot st\u00f6tar och repor j\u00e4mf\u00f6r med vanliga \u00e5ror. <\/p>\n<p>Bantam \u00e5ran \u00e4r det perfeka valet f\u00f6r de flesta roddare, s\u00e5som nyb\u00f6rjare, motion\u00e4rer och masters. H\u00f6g kvalite till ett rimligt pris.<\/p>\n","protected":false},"featured_media":892,"template":"","meta":{"_acf_changed":false},"product_brand":[],"product_cat":[110],"product_tag":[121,112],"class_list":{"0":"post-946","1":"product","2":"type-product","3":"status-publish","4":"has-post-thumbnail","6":"product_cat-aror","7":"product_tag-bantam-sv","8":"product_tag-concept-2-sv","10":"first","11":"instock","12":"taxable","13":"shipping-taxable","14":"purchasable","15":"product-type-simple"},"acf":[],"_links":{"self":[{"href":"https:\/\/rowshop.com\/sv\/wp-json\/wp\/v2\/product\/946","targetHints":{"allow":["GET"]}}],"collection":[{"href":"https:\/\/rowshop.com\/sv\/wp-json\/wp\/v2\/product"}],"about":[{"href":"https:\/\/rowshop.com\/sv\/wp-json\/wp\/v2\/types\/product"}],"wp:featuredmedia":[{"embeddable":true,"href":"https:\/\/rowshop.com\/sv\/wp-json\/wp\/v2\/media\/892"}],"wp:attachment":[{"href":"https:\/\/rowshop.com\/sv\/wp-json\/wp\/v2\/media?parent=946"}],"wp:term":[{"taxonomy":"product_brand","embeddable":true,"href":"https:\/\/rowshop.com\/sv\/wp-json\/wp\/v2\/product_brand?post=946"},{"taxonomy":"product_cat","embeddable":true,"href":"https:\/\/rowshop.com\/sv\/wp-json\/wp\/v2\/product_cat?post=946"},{"taxonomy":"product_tag","embeddable":true,"href":"https:\/\/rowshop.com\/sv\/wp-json\/wp\/v2\/product_tag?post=946"}],"curies":[{"name":"wp","href":"https:\/\/api.w.org\/{rel}","templated":true}]}}