{"id":947,"date":"2017-09-26T22:19:19","date_gmt":"2017-09-26T20:19:19","guid":{"rendered":"https:\/\/rowshop.com\/shop\/okategoriserad\/947\/"},"modified":"2018-04-02T09:46:24","modified_gmt":"2018-04-02T07:46:24","slug":"947","status":"publish","type":"product","link":"https:\/\/rowshop.com\/sv\/butik\/batar\/947\/","title":{"rendered":"Wintech Compeditor 2x"},"content":{"rendered":"","protected":false},"excerpt":{"rendered":"<p>Wintech b\u00e5tarna finns i flera konstruktioner och prisl\u00e4gen, Allt fr\u00e5n glasfiberskrov till h\u00f6gkvalitativa kolfiberskrov. Finns i 4 olika viktklasser samt med olika alternativ f\u00f6r riggning.<\/p>\n<p>Priset f\u00f6r en 2x b\u00f6rjar p\u00e5 69 500SEK.<\/p>\n","protected":false},"featured_media":886,"template":"","meta":{"_acf_changed":false},"product_brand":[],"product_cat":[106],"product_tag":[39,123,145],"class_list":{"0":"post-947","1":"product","2":"type-product","3":"status-publish","4":"has-post-thumbnail","6":"product_cat-batar","7":"product_tag-2x","8":"product_tag-competitor-sv","9":"product_tag-wintech-racing-sv","11":"first","12":"instock","13":"taxable","14":"shipping-taxable","15":"purchasable","16":"product-type-simple"},"acf":[],"_links":{"self":[{"href":"https:\/\/rowshop.com\/sv\/wp-json\/wp\/v2\/product\/947","targetHints":{"allow":["GET"]}}],"collection":[{"href":"https:\/\/rowshop.com\/sv\/wp-json\/wp\/v2\/product"}],"about":[{"href":"https:\/\/rowshop.com\/sv\/wp-json\/wp\/v2\/types\/product"}],"wp:featuredmedia":[{"embeddable":true,"href":"https:\/\/rowshop.com\/sv\/wp-json\/wp\/v2\/media\/886"}],"wp:attachment":[{"href":"https:\/\/rowshop.com\/sv\/wp-json\/wp\/v2\/media?parent=947"}],"wp:term":[{"taxonomy":"product_brand","embeddable":true,"href":"https:\/\/rowshop.com\/sv\/wp-json\/wp\/v2\/product_brand?post=947"},{"taxonomy":"product_cat","embeddable":true,"href":"https:\/\/rowshop.com\/sv\/wp-json\/wp\/v2\/product_cat?post=947"},{"taxonomy":"product_tag","embeddable":true,"href":"https:\/\/rowshop.com\/sv\/wp-json\/wp\/v2\/product_tag?post=947"}],"curies":[{"name":"wp","href":"https:\/\/api.w.org\/{rel}","templated":true}]}}