{"id":948,"date":"2017-09-26T22:14:33","date_gmt":"2017-09-26T20:14:33","guid":{"rendered":"https:\/\/rowshop.com\/shop\/okategoriserad\/948\/"},"modified":"2018-04-02T09:47:35","modified_gmt":"2018-04-02T07:47:35","slug":"948","status":"publish","type":"product","link":"https:\/\/rowshop.com\/sv\/butik\/batar\/948\/","title":{"rendered":"Wintech International 4-"},"content":{"rendered":"","protected":false},"excerpt":{"rendered":"<p>Wintech b\u00e5tarna finns i flera konstruktioner och prisl\u00e4gen. Allt fr\u00e5n prisv\u00e4rda glasfiberskrov till h\u00f6gprofilerade kolfiberskrov. Finns i 4 olika viktklasser samt olika alternativ f\u00f6r riggning.<\/p>\n","protected":false},"featured_media":883,"template":"","meta":{"_acf_changed":false},"product_brand":[],"product_cat":[106],"product_tag":[120,128,145],"class_list":{"0":"post-948","1":"product","2":"type-product","3":"status-publish","4":"has-post-thumbnail","6":"product_cat-batar","7":"product_tag-4-2","8":"product_tag-international-sv","9":"product_tag-wintech-racing-sv","11":"first","12":"outofstock","13":"taxable","14":"shipping-taxable","15":"purchasable","16":"product-type-simple"},"acf":[],"_links":{"self":[{"href":"https:\/\/rowshop.com\/sv\/wp-json\/wp\/v2\/product\/948","targetHints":{"allow":["GET"]}}],"collection":[{"href":"https:\/\/rowshop.com\/sv\/wp-json\/wp\/v2\/product"}],"about":[{"href":"https:\/\/rowshop.com\/sv\/wp-json\/wp\/v2\/types\/product"}],"wp:featuredmedia":[{"embeddable":true,"href":"https:\/\/rowshop.com\/sv\/wp-json\/wp\/v2\/media\/883"}],"wp:attachment":[{"href":"https:\/\/rowshop.com\/sv\/wp-json\/wp\/v2\/media?parent=948"}],"wp:term":[{"taxonomy":"product_brand","embeddable":true,"href":"https:\/\/rowshop.com\/sv\/wp-json\/wp\/v2\/product_brand?post=948"},{"taxonomy":"product_cat","embeddable":true,"href":"https:\/\/rowshop.com\/sv\/wp-json\/wp\/v2\/product_cat?post=948"},{"taxonomy":"product_tag","embeddable":true,"href":"https:\/\/rowshop.com\/sv\/wp-json\/wp\/v2\/product_tag?post=948"}],"curies":[{"name":"wp","href":"https:\/\/api.w.org\/{rel}","templated":true}]}}