{"id":949,"date":"2017-09-26T22:06:30","date_gmt":"2017-09-26T20:06:30","guid":{"rendered":"https:\/\/rowshop.com\/shop\/okategoriserad\/949\/"},"modified":"2020-07-12T20:54:44","modified_gmt":"2020-07-12T18:54:44","slug":"wintech-junior-racer-1x","status":"publish","type":"product","link":"https:\/\/rowshop.com\/sv\/butik\/batar\/wintech-junior-racer-1x\/","title":{"rendered":"Wintech Junior Racer 1x"},"content":{"rendered":"","protected":false},"excerpt":{"rendered":"<p>En perfekt b\u00e5t f\u00f6r den yngre nyb\u00f6rjaren som \u00e4r redo f\u00f6r lite fart och t\u00e4vlingsk\u00e4nsla. Junior Racer \u00e4r en b\u00e5t som \u00e4r robust byggd och flyter stadigt. Erbjuds i tv\u00e5 storlekar och levereras med aluminium vingrigg. <\/p>\n","protected":false},"featured_media":876,"template":"","meta":{"_acf_changed":false},"product_brand":[],"product_cat":[106],"product_tag":[117,129,145],"class_list":{"0":"post-949","1":"product","2":"type-product","3":"status-publish","4":"has-post-thumbnail","6":"product_cat-batar","7":"product_tag-1x-sv","8":"product_tag-junior-racer-sv","9":"product_tag-wintech-racing-sv","11":"first","12":"instock","13":"taxable","14":"shipping-taxable","15":"purchasable","16":"product-type-simple"},"acf":[],"_links":{"self":[{"href":"https:\/\/rowshop.com\/sv\/wp-json\/wp\/v2\/product\/949","targetHints":{"allow":["GET"]}}],"collection":[{"href":"https:\/\/rowshop.com\/sv\/wp-json\/wp\/v2\/product"}],"about":[{"href":"https:\/\/rowshop.com\/sv\/wp-json\/wp\/v2\/types\/product"}],"wp:featuredmedia":[{"embeddable":true,"href":"https:\/\/rowshop.com\/sv\/wp-json\/wp\/v2\/media\/876"}],"wp:attachment":[{"href":"https:\/\/rowshop.com\/sv\/wp-json\/wp\/v2\/media?parent=949"}],"wp:term":[{"taxonomy":"product_brand","embeddable":true,"href":"https:\/\/rowshop.com\/sv\/wp-json\/wp\/v2\/product_brand?post=949"},{"taxonomy":"product_cat","embeddable":true,"href":"https:\/\/rowshop.com\/sv\/wp-json\/wp\/v2\/product_cat?post=949"},{"taxonomy":"product_tag","embeddable":true,"href":"https:\/\/rowshop.com\/sv\/wp-json\/wp\/v2\/product_tag?post=949"}],"curies":[{"name":"wp","href":"https:\/\/api.w.org\/{rel}","templated":true}]}}