{"id":955,"date":"2017-09-10T15:35:39","date_gmt":"2017-09-10T13:35:39","guid":{"rendered":"https:\/\/rowshop.com\/shop\/okategoriserad\/blue-ocean-megafon\/"},"modified":"2018-02-17T22:41:32","modified_gmt":"2018-02-17T21:41:32","slug":"blue-ocean-megafon","status":"publish","type":"product","link":"https:\/\/rowshop.com\/sv\/butik\/nielssen-kellerman-sv\/blue-ocean-megafon\/","title":{"rendered":"Blue Ocean Megafon"},"content":{"rendered":"<p>&#8221;Blue ocean megafon&#8221; \u00e4r den mest robusta p\u00e5 markanden. V\u00e4ldigt stark konstruktion och vattent\u00e4t men \u00e4nd\u00e5 l\u00e4tt.<br \/>\nMed uppladdningsbart batteri, gummiskydd och inga l\u00f6sa delar s\u00e5 \u00e4r den ett perfekt verktyg f\u00f6r coachen.<\/p>\n","protected":false},"excerpt":{"rendered":"<h2>Vattent\u00e4t. Robust. H\u00e5llbar.<\/h2>\n<p>&nbsp;<\/p>\n<p>Den inbyggda mikrofonen \u00e4r fullt sluten ifr\u00e5n resten av systemet f\u00f6r att skydda fr\u00e5n vatten och smuts ska tr\u00e4nga in. Vilket g\u00f6r megafonen helt vattent\u00e4t.<\/p>\n<p><strong><strong>Megafon: 32 x 30 x 21 cm<\/strong><\/strong><br \/>\n<strong>Batteri Laddare:\u00a0 6 x 11 x 8 cm<\/strong><br \/>\n<strong>Batteri: 8 x 6 x 5 cm<\/strong><br \/>\n<strong>Megafon vikt: 1,7kg with battery pack installed<\/strong><br \/>\n<strong>BatteriLaddare: 385 gr<\/strong><br \/>\n<strong>Batteri: 105 gr<\/strong><br \/>\n<strong>Vattent\u00e5lighet \u2013\u00a0<\/strong>Megafonen \u00e4r vattent\u00e5lig enligt\u00a0IP-67 (Vilket inneb\u00e4r ners\u00e4nkt 1m ytan i 30min).<br \/>\n<strong>Flytkraft\u2013<\/strong> Megafonen flyter med eller utan batteri. Batteriet sj\u00e4lvt flyter ej.<br \/>\n<strong>Effekt:<\/strong>\u00a022 watts.<br \/>\n<strong>F\u00f6rst\u00e4rkare:<\/strong>\u00a0H\u00f6gfrekvent, klass-D digital f\u00f6rst\u00e4rkare.<br \/>\n<strong>Batteri:<\/strong>\u00a0NK Blue Ocean Lithium Batteri 11.1 VDC , 8 W\/hr.<br \/>\n<strong>BatteriLaddare:<\/strong>\u00a0NK Blue Ocean Batteriladdare Input: 90-264 VAC, 50-60Hz, 7 Watt.<br \/>\n<strong>Batterikapacitet:\u00a0<\/strong>8 timmars vanlig anv\u00e4ndning \u2013 Definerat som aktiv 35% av tiden vid volume level 6.<\/p>\n","protected":false},"featured_media":853,"template":"","meta":{"_acf_changed":false},"product_brand":[],"product_cat":[108],"product_tag":[133],"class_list":{"0":"post-955","1":"product","2":"type-product","3":"status-publish","4":"has-post-thumbnail","6":"product_cat-nielssen-kellerman-sv","7":"product_tag-nielsen-kellerman-sv","9":"first","10":"instock","11":"taxable","12":"shipping-taxable","13":"purchasable","14":"product-type-simple"},"acf":[],"_links":{"self":[{"href":"https:\/\/rowshop.com\/sv\/wp-json\/wp\/v2\/product\/955","targetHints":{"allow":["GET"]}}],"collection":[{"href":"https:\/\/rowshop.com\/sv\/wp-json\/wp\/v2\/product"}],"about":[{"href":"https:\/\/rowshop.com\/sv\/wp-json\/wp\/v2\/types\/product"}],"wp:featuredmedia":[{"embeddable":true,"href":"https:\/\/rowshop.com\/sv\/wp-json\/wp\/v2\/media\/853"}],"wp:attachment":[{"href":"https:\/\/rowshop.com\/sv\/wp-json\/wp\/v2\/media?parent=955"}],"wp:term":[{"taxonomy":"product_brand","embeddable":true,"href":"https:\/\/rowshop.com\/sv\/wp-json\/wp\/v2\/product_brand?post=955"},{"taxonomy":"product_cat","embeddable":true,"href":"https:\/\/rowshop.com\/sv\/wp-json\/wp\/v2\/product_cat?post=955"},{"taxonomy":"product_tag","embeddable":true,"href":"https:\/\/rowshop.com\/sv\/wp-json\/wp\/v2\/product_tag?post=955"}],"curies":[{"name":"wp","href":"https:\/\/api.w.org\/{rel}","templated":true}]}}