{"id":957,"date":"2017-09-10T15:20:24","date_gmt":"2017-09-10T13:20:24","guid":{"rendered":"https:\/\/rowshop.com\/shop\/okategoriserad\/komplett-kolfiber-slejd\/"},"modified":"2018-02-17T22:44:17","modified_gmt":"2018-02-17T21:44:17","slug":"komplett-kolfiber-slejd","status":"publish","type":"product","link":"https:\/\/rowshop.com\/sv\/butik\/reservdelar\/komplett-kolfiber-slejd\/","title":{"rendered":"Komplett KolfiberSlejd"},"content":{"rendered":"<p>Komplett slejd i Karbonmaterial. Finns i tv\u00e5 sittstorlekar. 27,5cm resp 31,5 cm. <\/p>\n","protected":false},"excerpt":{"rendered":"<p>Komplett slejd med underrede i rostfritt st\u00e5l och sitts i karbonmaterial. Finns i flera olika storlekar, (bredd) p\u00e5 underredet.<br \/>\nF\u00f6r att m\u00e4ta s\u00e5 slejden passar, m\u00e4t bredden mellan slejdbanornas centrum i b\u00e5ten.<\/p>\n","protected":false},"featured_media":790,"template":"","meta":{"_acf_changed":false},"product_brand":[],"product_cat":[111],"product_tag":[144],"class_list":{"0":"post-957","1":"product","2":"type-product","3":"status-publish","4":"has-post-thumbnail","6":"product_cat-reservdelar","7":"product_tag-wintech-sv","9":"first","10":"instock","11":"taxable","12":"shipping-taxable","13":"purchasable","14":"product-type-variable"},"acf":[],"_links":{"self":[{"href":"https:\/\/rowshop.com\/sv\/wp-json\/wp\/v2\/product\/957","targetHints":{"allow":["GET"]}}],"collection":[{"href":"https:\/\/rowshop.com\/sv\/wp-json\/wp\/v2\/product"}],"about":[{"href":"https:\/\/rowshop.com\/sv\/wp-json\/wp\/v2\/types\/product"}],"wp:featuredmedia":[{"embeddable":true,"href":"https:\/\/rowshop.com\/sv\/wp-json\/wp\/v2\/media\/790"}],"wp:attachment":[{"href":"https:\/\/rowshop.com\/sv\/wp-json\/wp\/v2\/media?parent=957"}],"wp:term":[{"taxonomy":"product_brand","embeddable":true,"href":"https:\/\/rowshop.com\/sv\/wp-json\/wp\/v2\/product_brand?post=957"},{"taxonomy":"product_cat","embeddable":true,"href":"https:\/\/rowshop.com\/sv\/wp-json\/wp\/v2\/product_cat?post=957"},{"taxonomy":"product_tag","embeddable":true,"href":"https:\/\/rowshop.com\/sv\/wp-json\/wp\/v2\/product_tag?post=957"}],"curies":[{"name":"wp","href":"https:\/\/api.w.org\/{rel}","templated":true}]}}