{"id":968,"date":"2017-09-10T14:58:03","date_gmt":"2017-09-10T12:58:03","guid":{"rendered":"https:\/\/rowshop.com\/shop\/okategoriserad\/miktorfon-cox-box-cox-box-mini\/"},"modified":"2018-02-17T22:46:08","modified_gmt":"2018-02-17T21:46:08","slug":"miktorfon-cox-box-cox-box-mini","status":"publish","type":"product","link":"https:\/\/rowshop.com\/sv\/butik\/nielssen-kellerman-sv\/miktorfon-cox-box-cox-box-mini\/","title":{"rendered":"Miktorfon Cox Box &#038; Cox Box Mini (R2 variant)"},"content":{"rendered":"<p>R2 Mikrofon med res\u00e5rband. Passar Cox Box Standard eller Mini.<br \/>\nFungerar \u00e4ven f\u00f6r en coach som anv\u00e4nder Cox Box Mini med extern h\u00f6gtalare.<\/p>\n","protected":false},"excerpt":{"rendered":"<p>R2 Mikrofon med res\u00e5rband. Passar Cox Box Standard eller Mini. Fungerar \u00e4ven f\u00f6r en coach som anv\u00e4nder Cox Box Mini med extern h\u00f6gtalare.<\/p>\n","protected":false},"featured_media":825,"template":"","meta":{"_acf_changed":false},"product_brand":[],"product_cat":[108],"product_tag":[133],"class_list":{"0":"post-968","1":"product","2":"type-product","3":"status-publish","4":"has-post-thumbnail","6":"product_cat-nielssen-kellerman-sv","7":"product_tag-nielsen-kellerman-sv","9":"first","10":"instock","11":"taxable","12":"shipping-taxable","13":"purchasable","14":"product-type-simple"},"acf":[],"_links":{"self":[{"href":"https:\/\/rowshop.com\/sv\/wp-json\/wp\/v2\/product\/968","targetHints":{"allow":["GET"]}}],"collection":[{"href":"https:\/\/rowshop.com\/sv\/wp-json\/wp\/v2\/product"}],"about":[{"href":"https:\/\/rowshop.com\/sv\/wp-json\/wp\/v2\/types\/product"}],"wp:featuredmedia":[{"embeddable":true,"href":"https:\/\/rowshop.com\/sv\/wp-json\/wp\/v2\/media\/825"}],"wp:attachment":[{"href":"https:\/\/rowshop.com\/sv\/wp-json\/wp\/v2\/media?parent=968"}],"wp:term":[{"taxonomy":"product_brand","embeddable":true,"href":"https:\/\/rowshop.com\/sv\/wp-json\/wp\/v2\/product_brand?post=968"},{"taxonomy":"product_cat","embeddable":true,"href":"https:\/\/rowshop.com\/sv\/wp-json\/wp\/v2\/product_cat?post=968"},{"taxonomy":"product_tag","embeddable":true,"href":"https:\/\/rowshop.com\/sv\/wp-json\/wp\/v2\/product_tag?post=968"}],"curies":[{"name":"wp","href":"https:\/\/api.w.org\/{rel}","templated":true}]}}