{"id":969,"date":"2017-09-10T14:36:34","date_gmt":"2017-09-10T12:36:34","guid":{"rendered":"https:\/\/rowshop.com\/shop\/okategoriserad\/969\/"},"modified":"2018-02-17T22:46:51","modified_gmt":"2018-02-17T21:46:51","slug":"cox-box-mini","status":"publish","type":"product","link":"https:\/\/rowshop.com\/sv\/butik\/nielssen-kellerman-sv\/cox-box-mini\/","title":{"rendered":"Cox Box mini"},"content":{"rendered":"<p>Samma r\u00f6stfunktion och kvalit\u00e9 som Cox Box men nu i ett mindre och mer personligt format!<\/p>\n","protected":false},"excerpt":{"rendered":"<h3 class=\"ttl\">CoxBox Mini \u00d6versikt<\/h3>\n<p>CoxBox Mini \u00e4r ett prisv\u00e4rt alternativ som erbjuder r\u00f6stf\u00f6rst\u00e4rkande funktionen som en CoxBox har. I ett betydligt mindre format. CoxBox Mini \u00e4r deisgnad att f\u00e4sta p\u00e5 kroppen s\u00e5 du har h\u00e4nderna fria till annat.<\/p>\n<p>CoxBox Mini \u00e4r kompitabel med H\u00f6gtalare, R2 Mikrofonen samt Laddare till CoxBox eller Blue Ocean Megafonen.<br \/>\nInbyggda LED indikatorer visar batteriets nuvarande kapacitet.<\/p>\n<p><strong>Notera: Laddare och Mikrofon s\u00e4lj separat.<\/strong><\/p>\n","protected":false},"featured_media":1026,"template":"","meta":{"_acf_changed":false},"product_brand":[],"product_cat":[108],"product_tag":[133],"class_list":{"0":"post-969","1":"product","2":"type-product","3":"status-publish","4":"has-post-thumbnail","6":"product_cat-nielssen-kellerman-sv","7":"product_tag-nielsen-kellerman-sv","9":"first","10":"instock","11":"taxable","12":"shipping-taxable","13":"purchasable","14":"product-type-simple"},"acf":[],"_links":{"self":[{"href":"https:\/\/rowshop.com\/sv\/wp-json\/wp\/v2\/product\/969","targetHints":{"allow":["GET"]}}],"collection":[{"href":"https:\/\/rowshop.com\/sv\/wp-json\/wp\/v2\/product"}],"about":[{"href":"https:\/\/rowshop.com\/sv\/wp-json\/wp\/v2\/types\/product"}],"wp:featuredmedia":[{"embeddable":true,"href":"https:\/\/rowshop.com\/sv\/wp-json\/wp\/v2\/media\/1026"}],"wp:attachment":[{"href":"https:\/\/rowshop.com\/sv\/wp-json\/wp\/v2\/media?parent=969"}],"wp:term":[{"taxonomy":"product_brand","embeddable":true,"href":"https:\/\/rowshop.com\/sv\/wp-json\/wp\/v2\/product_brand?post=969"},{"taxonomy":"product_cat","embeddable":true,"href":"https:\/\/rowshop.com\/sv\/wp-json\/wp\/v2\/product_cat?post=969"},{"taxonomy":"product_tag","embeddable":true,"href":"https:\/\/rowshop.com\/sv\/wp-json\/wp\/v2\/product_tag?post=969"}],"curies":[{"name":"wp","href":"https:\/\/api.w.org\/{rel}","templated":true}]}}