{"id":970,"date":"2017-09-10T14:23:00","date_gmt":"2017-09-10T12:23:00","guid":{"rendered":"https:\/\/rowshop.com\/shop\/okategoriserad\/t-faste\/"},"modified":"2018-02-17T22:48:42","modified_gmt":"2018-02-17T21:48:42","slug":"t-faste","status":"publish","type":"product","link":"https:\/\/rowshop.com\/sv\/butik\/nielssen-kellerman-sv\/t-faste\/","title":{"rendered":"T-F\u00e4ste"},"content":{"rendered":"<p>T-f\u00e4ste i lackerad pl\u00e5t med plastadapter f\u00f6r att f\u00e4sta Stroke coach eller speed coach. Avsedd f\u00f6r montage p\u00e5 traditionell fotspark i b\u00e5t.<\/p>\n","protected":false},"excerpt":{"rendered":"<p>T-F\u00e4ste f\u00f6r din Strokecoach eller SpeedCoach. Perfekt att f\u00e4sta p\u00e5 fotsparken eller sarg.<\/p>\n","protected":false},"featured_media":812,"template":"","meta":{"_acf_changed":false},"product_brand":[],"product_cat":[108],"product_tag":[133],"class_list":{"0":"post-970","1":"product","2":"type-product","3":"status-publish","4":"has-post-thumbnail","6":"product_cat-nielssen-kellerman-sv","7":"product_tag-nielsen-kellerman-sv","9":"first","10":"instock","11":"taxable","12":"shipping-taxable","13":"purchasable","14":"product-type-simple"},"acf":[],"_links":{"self":[{"href":"https:\/\/rowshop.com\/sv\/wp-json\/wp\/v2\/product\/970","targetHints":{"allow":["GET"]}}],"collection":[{"href":"https:\/\/rowshop.com\/sv\/wp-json\/wp\/v2\/product"}],"about":[{"href":"https:\/\/rowshop.com\/sv\/wp-json\/wp\/v2\/types\/product"}],"wp:featuredmedia":[{"embeddable":true,"href":"https:\/\/rowshop.com\/sv\/wp-json\/wp\/v2\/media\/812"}],"wp:attachment":[{"href":"https:\/\/rowshop.com\/sv\/wp-json\/wp\/v2\/media?parent=970"}],"wp:term":[{"taxonomy":"product_brand","embeddable":true,"href":"https:\/\/rowshop.com\/sv\/wp-json\/wp\/v2\/product_brand?post=970"},{"taxonomy":"product_cat","embeddable":true,"href":"https:\/\/rowshop.com\/sv\/wp-json\/wp\/v2\/product_cat?post=970"},{"taxonomy":"product_tag","embeddable":true,"href":"https:\/\/rowshop.com\/sv\/wp-json\/wp\/v2\/product_tag?post=970"}],"curies":[{"name":"wp","href":"https:\/\/api.w.org\/{rel}","templated":true}]}}