{"id":971,"date":"2017-09-10T14:20:12","date_gmt":"2017-09-10T12:20:12","guid":{"rendered":"https:\/\/rowshop.com\/shop\/okategoriserad\/vinkelfaste\/"},"modified":"2018-02-17T22:50:25","modified_gmt":"2018-02-17T21:50:25","slug":"vinkelfaste","status":"publish","type":"product","link":"https:\/\/rowshop.com\/sv\/butik\/nielssen-kellerman-sv\/vinkelfaste\/","title":{"rendered":"Vinkelf\u00e4ste"},"content":{"rendered":"<p>Vinkelf\u00e4ste f\u00f6r StrokeCoach eller SpeedCoach.<\/p>\n","protected":false},"excerpt":{"rendered":"<p>Vinkelf\u00e4ste i lackerad pl\u00e5t som levereras med dubbelh\u00e4ftande tejp och kardborref\u00e4ste. Passar StrokeCoach eller SpeedCoach. Perfekt att f\u00e4sta p\u00e5 skrov eller rigg.<\/p>\n","protected":false},"featured_media":780,"template":"","meta":{"_acf_changed":false},"product_brand":[],"product_cat":[108],"product_tag":[133],"class_list":{"0":"post-971","1":"product","2":"type-product","3":"status-publish","4":"has-post-thumbnail","6":"product_cat-nielssen-kellerman-sv","7":"product_tag-nielsen-kellerman-sv","9":"first","10":"instock","11":"taxable","12":"shipping-taxable","13":"purchasable","14":"product-type-simple"},"acf":[],"_links":{"self":[{"href":"https:\/\/rowshop.com\/sv\/wp-json\/wp\/v2\/product\/971","targetHints":{"allow":["GET"]}}],"collection":[{"href":"https:\/\/rowshop.com\/sv\/wp-json\/wp\/v2\/product"}],"about":[{"href":"https:\/\/rowshop.com\/sv\/wp-json\/wp\/v2\/types\/product"}],"wp:featuredmedia":[{"embeddable":true,"href":"https:\/\/rowshop.com\/sv\/wp-json\/wp\/v2\/media\/780"}],"wp:attachment":[{"href":"https:\/\/rowshop.com\/sv\/wp-json\/wp\/v2\/media?parent=971"}],"wp:term":[{"taxonomy":"product_brand","embeddable":true,"href":"https:\/\/rowshop.com\/sv\/wp-json\/wp\/v2\/product_brand?post=971"},{"taxonomy":"product_cat","embeddable":true,"href":"https:\/\/rowshop.com\/sv\/wp-json\/wp\/v2\/product_cat?post=971"},{"taxonomy":"product_tag","embeddable":true,"href":"https:\/\/rowshop.com\/sv\/wp-json\/wp\/v2\/product_tag?post=971"}],"curies":[{"name":"wp","href":"https:\/\/api.w.org\/{rel}","templated":true}]}}