{"id":972,"date":"2017-09-10T14:16:30","date_gmt":"2017-09-10T12:16:30","guid":{"rendered":"https:\/\/rowshop.com\/shop\/okategoriserad\/spannfaste\/"},"modified":"2018-02-17T22:50:59","modified_gmt":"2018-02-17T21:50:59","slug":"spannfaste","status":"publish","type":"product","link":"https:\/\/rowshop.com\/sv\/butik\/nielssen-kellerman-sv\/spannfaste\/","title":{"rendered":"Sp\u00e4nnf\u00e4ste"},"content":{"rendered":"<p>Sp\u00e4nnf\u00e4ste f\u00f6r din StrokeCoach eller SpeedCoach. Sp\u00e4nn f\u00e4stet p\u00e5 rigg eller runt fotspark f\u00f6r att sedan koppla p\u00e5 din taktklocka. Ett v\u00e4ldigt mobilt f\u00e4ste.<\/p>\n","protected":false},"excerpt":{"rendered":"<p>Sp\u00e4nnf\u00e4ste f\u00f6r din StrokeCoach eller SpeedCoach. Sp\u00e4nn f\u00e4stet p\u00e5 rigg eller runt fotspark f\u00f6r att sedan koppla p\u00e5 din taktklocka. Ett v\u00e4ldigt mobilt f\u00e4ste.<\/p>\n","protected":false},"featured_media":799,"template":"","meta":{"_acf_changed":false},"product_brand":[],"product_cat":[108],"product_tag":[133],"class_list":{"0":"post-972","1":"product","2":"type-product","3":"status-publish","4":"has-post-thumbnail","6":"product_cat-nielssen-kellerman-sv","7":"product_tag-nielsen-kellerman-sv","9":"first","10":"instock","11":"taxable","12":"shipping-taxable","13":"purchasable","14":"product-type-simple"},"acf":[],"_links":{"self":[{"href":"https:\/\/rowshop.com\/sv\/wp-json\/wp\/v2\/product\/972","targetHints":{"allow":["GET"]}}],"collection":[{"href":"https:\/\/rowshop.com\/sv\/wp-json\/wp\/v2\/product"}],"about":[{"href":"https:\/\/rowshop.com\/sv\/wp-json\/wp\/v2\/types\/product"}],"wp:featuredmedia":[{"embeddable":true,"href":"https:\/\/rowshop.com\/sv\/wp-json\/wp\/v2\/media\/799"}],"wp:attachment":[{"href":"https:\/\/rowshop.com\/sv\/wp-json\/wp\/v2\/media?parent=972"}],"wp:term":[{"taxonomy":"product_brand","embeddable":true,"href":"https:\/\/rowshop.com\/sv\/wp-json\/wp\/v2\/product_brand?post=972"},{"taxonomy":"product_cat","embeddable":true,"href":"https:\/\/rowshop.com\/sv\/wp-json\/wp\/v2\/product_cat?post=972"},{"taxonomy":"product_tag","embeddable":true,"href":"https:\/\/rowshop.com\/sv\/wp-json\/wp\/v2\/product_tag?post=972"}],"curies":[{"name":"wp","href":"https:\/\/api.w.org\/{rel}","templated":true}]}}