{"id":974,"date":"2017-09-08T00:25:26","date_gmt":"2017-09-07T22:25:26","guid":{"rendered":"https:\/\/rowshop.com\/shop\/okategoriserad\/skyddsfodral-sculleraror\/"},"modified":"2018-02-17T22:51:22","modified_gmt":"2018-02-17T21:51:22","slug":"skyddsfodral-sculleraror","status":"publish","type":"product","link":"https:\/\/rowshop.com\/sv\/butik\/aror\/skyddsfodral-sculleraror\/","title":{"rendered":"Skyddsfodral &#8211; Sculler\u00e5ror"},"content":{"rendered":"<p>Kraftigt vadderat fodral till ett par sculler\u00e5ror. Skyddar de \u00f6mt\u00e5liga skaften och \u00e5rbladen mot repor och slag. \u00c5rbladen separeras via en textilduk som g\u00f6r att bladen inte skaver mot varandra. Kraftigt band av kardborre f\u00f6rsluter \u00e5rfodralet. B\u00e4rhandtag i nylon.<\/p>\n","protected":false},"excerpt":{"rendered":"<p>Skyddsfodral till sculler\u00e5ror. Rymmer ett par \u00e5ror.<\/p>\n","protected":false},"featured_media":1075,"template":"","meta":{"_acf_changed":false},"product_brand":[],"product_cat":[110],"product_tag":[143,135],"class_list":{"0":"post-974","1":"product","2":"type-product","3":"status-publish","4":"has-post-thumbnail","6":"product_cat-aror","7":"product_tag-transport-sv","8":"product_tag-vadderat-fodral","10":"first","11":"instock","12":"taxable","13":"shipping-taxable","14":"purchasable","15":"product-type-simple"},"acf":[],"_links":{"self":[{"href":"https:\/\/rowshop.com\/sv\/wp-json\/wp\/v2\/product\/974","targetHints":{"allow":["GET"]}}],"collection":[{"href":"https:\/\/rowshop.com\/sv\/wp-json\/wp\/v2\/product"}],"about":[{"href":"https:\/\/rowshop.com\/sv\/wp-json\/wp\/v2\/types\/product"}],"wp:featuredmedia":[{"embeddable":true,"href":"https:\/\/rowshop.com\/sv\/wp-json\/wp\/v2\/media\/1075"}],"wp:attachment":[{"href":"https:\/\/rowshop.com\/sv\/wp-json\/wp\/v2\/media?parent=974"}],"wp:term":[{"taxonomy":"product_brand","embeddable":true,"href":"https:\/\/rowshop.com\/sv\/wp-json\/wp\/v2\/product_brand?post=974"},{"taxonomy":"product_cat","embeddable":true,"href":"https:\/\/rowshop.com\/sv\/wp-json\/wp\/v2\/product_cat?post=974"},{"taxonomy":"product_tag","embeddable":true,"href":"https:\/\/rowshop.com\/sv\/wp-json\/wp\/v2\/product_tag?post=974"}],"curies":[{"name":"wp","href":"https:\/\/api.w.org\/{rel}","templated":true}]}}