{"id":975,"date":"2017-09-08T00:23:38","date_gmt":"2017-09-07T22:23:38","guid":{"rendered":"https:\/\/rowshop.com\/shop\/okategoriserad\/skyddsfodral-enkelara\/"},"modified":"2018-02-17T20:11:53","modified_gmt":"2018-02-17T19:11:53","slug":"skyddsfodral-enkelara","status":"publish","type":"product","link":"https:\/\/rowshop.com\/sv\/butik\/aror\/skyddsfodral-enkelara\/","title":{"rendered":"Skyddsfodral &#8211; Enkel\u00e5ra"},"content":{"rendered":"<p>Kraftigt vadderat fodral till en enkel\u00e5ra. Skyddar det \u00f6mt\u00e5liga skaftet och \u00e5rbladet mot repor och slag. Kraftigt band av kardborre f\u00f6rsluter \u00e5rfodralet. B\u00e4rhandtag i nylon.<\/p>\n","protected":false},"excerpt":{"rendered":"<p>Skyddsfodral till Enkel\u00e5ra. Rymmer en \u00e5ra.<\/p>\n","protected":false},"featured_media":1075,"template":"","meta":{"_acf_changed":false},"product_brand":[],"product_cat":[110],"product_tag":[143,135],"class_list":{"0":"post-975","1":"product","2":"type-product","3":"status-publish","4":"has-post-thumbnail","6":"product_cat-aror","7":"product_tag-transport-sv","8":"product_tag-vadderat-fodral","10":"first","11":"instock","12":"taxable","13":"shipping-taxable","14":"purchasable","15":"product-type-simple"},"acf":[],"_links":{"self":[{"href":"https:\/\/rowshop.com\/sv\/wp-json\/wp\/v2\/product\/975","targetHints":{"allow":["GET"]}}],"collection":[{"href":"https:\/\/rowshop.com\/sv\/wp-json\/wp\/v2\/product"}],"about":[{"href":"https:\/\/rowshop.com\/sv\/wp-json\/wp\/v2\/types\/product"}],"wp:featuredmedia":[{"embeddable":true,"href":"https:\/\/rowshop.com\/sv\/wp-json\/wp\/v2\/media\/1075"}],"wp:attachment":[{"href":"https:\/\/rowshop.com\/sv\/wp-json\/wp\/v2\/media?parent=975"}],"wp:term":[{"taxonomy":"product_brand","embeddable":true,"href":"https:\/\/rowshop.com\/sv\/wp-json\/wp\/v2\/product_brand?post=975"},{"taxonomy":"product_cat","embeddable":true,"href":"https:\/\/rowshop.com\/sv\/wp-json\/wp\/v2\/product_cat?post=975"},{"taxonomy":"product_tag","embeddable":true,"href":"https:\/\/rowshop.com\/sv\/wp-json\/wp\/v2\/product_tag?post=975"}],"curies":[{"name":"wp","href":"https:\/\/api.w.org\/{rel}","templated":true}]}}