{"id":976,"date":"2017-09-08T00:19:49","date_gmt":"2017-09-07T22:19:49","guid":{"rendered":"https:\/\/rowshop.com\/shop\/okategoriserad\/skyddsfodral-till-bat\/"},"modified":"2017-09-08T00:19:49","modified_gmt":"2017-09-07T22:19:49","slug":"skyddsfodral-till-bat","status":"publish","type":"product","link":"https:\/\/rowshop.com\/sv\/butik\/utrustning\/skyddsfodral-till-bat\/","title":{"rendered":"Skyddsfodral till b\u00e5t"},"content":{"rendered":"<p>Kraftigt, vadderat skyddsfodral till roddb\u00e5t. Utsida av vattenavvisande nylon med mjuk vadderad insida mot b\u00e5ten. H\u00e5l f\u00f6r fenan i fodralet. Finns i tre olika storlekar f\u00f6r varje b\u00e5ttyp, (LW,MW och HW).<\/p>\n","protected":false},"excerpt":{"rendered":"<p>Kraftigt, vadderat skyddsfodral till roddb\u00e5t. Utsida av vattenavvisande nylon med mjuk vadderad insida mot b\u00e5ten. H\u00e5l f\u00f6r fenan i fodralet. Finns i tre olika storlekar f\u00f6r varje b\u00e5ttyp, (LW,MW och HW).<\/p>\n","protected":false},"featured_media":0,"template":"","meta":{"_acf_changed":false},"product_brand":[],"product_cat":[107],"product_tag":[143,147,135],"class_list":{"0":"post-976","1":"product","2":"type-product","3":"status-publish","5":"product_cat-utrustning","6":"product_tag-transport-sv","7":"product_tag-transport-sv-2","8":"product_tag-vadderat-fodral","10":"first","11":"instock","12":"taxable","13":"shipping-taxable","14":"purchasable","15":"product-type-simple"},"acf":[],"_links":{"self":[{"href":"https:\/\/rowshop.com\/sv\/wp-json\/wp\/v2\/product\/976","targetHints":{"allow":["GET"]}}],"collection":[{"href":"https:\/\/rowshop.com\/sv\/wp-json\/wp\/v2\/product"}],"about":[{"href":"https:\/\/rowshop.com\/sv\/wp-json\/wp\/v2\/types\/product"}],"wp:attachment":[{"href":"https:\/\/rowshop.com\/sv\/wp-json\/wp\/v2\/media?parent=976"}],"wp:term":[{"taxonomy":"product_brand","embeddable":true,"href":"https:\/\/rowshop.com\/sv\/wp-json\/wp\/v2\/product_brand?post=976"},{"taxonomy":"product_cat","embeddable":true,"href":"https:\/\/rowshop.com\/sv\/wp-json\/wp\/v2\/product_cat?post=976"},{"taxonomy":"product_tag","embeddable":true,"href":"https:\/\/rowshop.com\/sv\/wp-json\/wp\/v2\/product_tag?post=976"}],"curies":[{"name":"wp","href":"https:\/\/api.w.org\/{rel}","templated":true}]}}