{"id":977,"date":"2017-09-08T00:17:41","date_gmt":"2017-09-07T22:17:41","guid":{"rendered":"https:\/\/rowshop.com\/shop\/okategoriserad\/skyddsfodral-till-bat-2\/"},"modified":"2017-09-08T00:17:41","modified_gmt":"2017-09-07T22:17:41","slug":"skyddsfodral-till-bat-2","status":"publish","type":"product","link":"https:\/\/rowshop.com\/sv\/butik\/utrustning\/skyddsfodral-till-bat-2\/","title":{"rendered":"Skyddsfodral till b\u00e5t"},"content":{"rendered":"<p>Kraftigt, vadderat skyddsfodral till roddb\u00e5t. Utsida av vattenavvisande nylon med mjuk vadderad insida mot b\u00e5ten. H\u00e5l f\u00f6r fenan i fodralet. Finns i fyra olika storlekar,\u00a0 (SLW, LW, MW och HW).<\/p>\n","protected":false},"excerpt":{"rendered":"<p>Kraftigt, vadderat skyddsfodral till roddb\u00e5t. Utsida av vattenavvisande nylon med mjuk vadderad insida mot b\u00e5ten. H\u00e5l f\u00f6r fenan i fodralet. Finns i fyra olika storlekar,\u00a0 (SLW, LW, MW och HW).<\/p>\n","protected":false},"featured_media":1692,"template":"","meta":{"_acf_changed":false},"product_brand":[],"product_cat":[107],"product_tag":[143,135],"class_list":{"0":"post-977","1":"product","2":"type-product","3":"status-publish","4":"has-post-thumbnail","6":"product_cat-utrustning","7":"product_tag-transport-sv","8":"product_tag-vadderat-fodral","10":"first","11":"instock","12":"taxable","13":"shipping-taxable","14":"purchasable","15":"product-type-simple"},"acf":[],"_links":{"self":[{"href":"https:\/\/rowshop.com\/sv\/wp-json\/wp\/v2\/product\/977","targetHints":{"allow":["GET"]}}],"collection":[{"href":"https:\/\/rowshop.com\/sv\/wp-json\/wp\/v2\/product"}],"about":[{"href":"https:\/\/rowshop.com\/sv\/wp-json\/wp\/v2\/types\/product"}],"wp:featuredmedia":[{"embeddable":true,"href":"https:\/\/rowshop.com\/sv\/wp-json\/wp\/v2\/media\/1692"}],"wp:attachment":[{"href":"https:\/\/rowshop.com\/sv\/wp-json\/wp\/v2\/media?parent=977"}],"wp:term":[{"taxonomy":"product_brand","embeddable":true,"href":"https:\/\/rowshop.com\/sv\/wp-json\/wp\/v2\/product_brand?post=977"},{"taxonomy":"product_cat","embeddable":true,"href":"https:\/\/rowshop.com\/sv\/wp-json\/wp\/v2\/product_cat?post=977"},{"taxonomy":"product_tag","embeddable":true,"href":"https:\/\/rowshop.com\/sv\/wp-json\/wp\/v2\/product_tag?post=977"}],"curies":[{"name":"wp","href":"https:\/\/api.w.org\/{rel}","templated":true}]}}