{"id":980,"date":"2017-09-08T00:10:16","date_gmt":"2017-09-07T22:10:16","guid":{"rendered":"https:\/\/rowshop.com\/shop\/okategoriserad\/varningsflagga\/"},"modified":"2018-02-17T20:12:59","modified_gmt":"2018-02-17T19:12:59","slug":"varningsflagga","status":"publish","type":"product","link":"https:\/\/rowshop.com\/sv\/butik\/reservdelar\/varningsflagga\/","title":{"rendered":"Varningsflagga"},"content":{"rendered":"<p>R\u00f6d varningsflagga att f\u00e4sta p\u00e5 uth\u00e4ngande last vid transport. Tillverkad i kraftig nylon. F\u00f6rsedd med sn\u00f6re f\u00f6r att f\u00f6renkla fasts\u00e4ttning.<\/p>\n","protected":false},"excerpt":{"rendered":"<p>Varningsflagga att nyttja vid transporter som m\u00e5ste m\u00e4rkas upp.<\/p>\n","protected":false},"featured_media":778,"template":"","meta":{"_acf_changed":false},"product_brand":[],"product_cat":[111],"product_tag":[143],"class_list":{"0":"post-980","1":"product","2":"type-product","3":"status-publish","4":"has-post-thumbnail","6":"product_cat-reservdelar","7":"product_tag-transport-sv","9":"first","10":"instock","11":"taxable","12":"shipping-taxable","13":"purchasable","14":"product-type-simple"},"acf":[],"_links":{"self":[{"href":"https:\/\/rowshop.com\/sv\/wp-json\/wp\/v2\/product\/980","targetHints":{"allow":["GET"]}}],"collection":[{"href":"https:\/\/rowshop.com\/sv\/wp-json\/wp\/v2\/product"}],"about":[{"href":"https:\/\/rowshop.com\/sv\/wp-json\/wp\/v2\/types\/product"}],"wp:featuredmedia":[{"embeddable":true,"href":"https:\/\/rowshop.com\/sv\/wp-json\/wp\/v2\/media\/778"}],"wp:attachment":[{"href":"https:\/\/rowshop.com\/sv\/wp-json\/wp\/v2\/media?parent=980"}],"wp:term":[{"taxonomy":"product_brand","embeddable":true,"href":"https:\/\/rowshop.com\/sv\/wp-json\/wp\/v2\/product_brand?post=980"},{"taxonomy":"product_cat","embeddable":true,"href":"https:\/\/rowshop.com\/sv\/wp-json\/wp\/v2\/product_cat?post=980"},{"taxonomy":"product_tag","embeddable":true,"href":"https:\/\/rowshop.com\/sv\/wp-json\/wp\/v2\/product_tag?post=980"}],"curies":[{"name":"wp","href":"https:\/\/api.w.org\/{rel}","templated":true}]}}