{"id":981,"date":"2017-09-08T00:03:50","date_gmt":"2017-09-07T22:03:50","guid":{"rendered":"https:\/\/rowshop.com\/shop\/okategoriserad\/multiverktyg-rowers-wrench\/"},"modified":"2018-02-03T10:55:37","modified_gmt":"2018-02-03T09:55:37","slug":"multiverktyg-rowers-wrench","status":"publish","type":"product","link":"https:\/\/rowshop.com\/sv\/butik\/utrustning\/multiverktyg-rowers-wrench\/","title":{"rendered":"Multiverktyg &#8211; Rowers wrench"},"content":{"rendered":"<p>Ett multiverktyg f\u00f6r alla som skruvar med b\u00e5tar. H\u00e4r finns verktyg som passar f\u00f6r 8mm, 10mm, 13mm samt 19mm muttrar. Dessutom skruvmejsel, kapsyl\u00f6ppnare och hj\u00e4lpmedel f\u00f6r vingmuttrar och tubmuttrar till fotsparken.<\/p>\n","protected":false},"excerpt":{"rendered":"<p>Ett multiverktyg f\u00f6r alla som skruvar med b\u00e5tar. H\u00e4r finns verktyg som passar f\u00f6r 8mm, 10mm, 13mm samt 19mm muttrar. Dessutom skruvmejsel, kapsyl\u00f6ppnare och hj\u00e4lpmedel f\u00f6r vingmuttrar och tubmuttrar till fotsparken.<\/p>\n","protected":false},"featured_media":848,"template":"","meta":{"_acf_changed":false},"product_brand":[],"product_cat":[107],"product_tag":[142],"class_list":{"0":"post-981","1":"product","2":"type-product","3":"status-publish","4":"has-post-thumbnail","6":"product_cat-utrustning","7":"product_tag-verktyg-sv","9":"first","10":"instock","11":"taxable","12":"shipping-taxable","13":"purchasable","14":"product-type-simple"},"acf":[],"_links":{"self":[{"href":"https:\/\/rowshop.com\/sv\/wp-json\/wp\/v2\/product\/981","targetHints":{"allow":["GET"]}}],"collection":[{"href":"https:\/\/rowshop.com\/sv\/wp-json\/wp\/v2\/product"}],"about":[{"href":"https:\/\/rowshop.com\/sv\/wp-json\/wp\/v2\/types\/product"}],"wp:featuredmedia":[{"embeddable":true,"href":"https:\/\/rowshop.com\/sv\/wp-json\/wp\/v2\/media\/848"}],"wp:attachment":[{"href":"https:\/\/rowshop.com\/sv\/wp-json\/wp\/v2\/media?parent=981"}],"wp:term":[{"taxonomy":"product_brand","embeddable":true,"href":"https:\/\/rowshop.com\/sv\/wp-json\/wp\/v2\/product_brand?post=981"},{"taxonomy":"product_cat","embeddable":true,"href":"https:\/\/rowshop.com\/sv\/wp-json\/wp\/v2\/product_cat?post=981"},{"taxonomy":"product_tag","embeddable":true,"href":"https:\/\/rowshop.com\/sv\/wp-json\/wp\/v2\/product_tag?post=981"}],"curies":[{"name":"wp","href":"https:\/\/api.w.org\/{rel}","templated":true}]}}