{"id":983,"date":"2017-09-08T00:06:45","date_gmt":"2017-09-07T22:06:45","guid":{"rendered":"https:\/\/rowshop.com\/shop\/okategoriserad\/blackfisk-mini\/"},"modified":"2018-02-17T22:14:56","modified_gmt":"2018-02-17T21:14:56","slug":"blackfisk-mini","status":"publish","type":"product","link":"https:\/\/rowshop.com\/sv\/butik\/reservdelar\/blackfisk-mini\/","title":{"rendered":"Bl\u00e4ckfisk -mini"},"content":{"rendered":"<p>H\u00e5ller din slejd p\u00e5 plats under transport, p\u00e5 ett s\u00e4kert och skonsamt s\u00e4tt.<\/p>\n","protected":false},"excerpt":{"rendered":"<p>Ser till att din slejd inte far fram och tillbaka under transport. Den h\u00e4r mini-bl\u00e4ckfisken h\u00e5ller din slejd i ett fast men skonsamt grepp n\u00e4r b\u00e5ten transporteras. F\u00f6rl\u00e4nger slejdens livsl\u00e4ngd och skyddar de \u00f6mt\u00e5liga slejdhjulen.<\/p>\n","protected":false},"featured_media":821,"template":"","meta":{"_acf_changed":false},"product_brand":[],"product_cat":[111],"product_tag":[146,143],"class_list":{"0":"post-983","1":"product","2":"type-product","3":"status-publish","4":"has-post-thumbnail","6":"product_cat-reservdelar","7":"product_tag-forvaring","8":"product_tag-transport-sv","10":"first","11":"instock","12":"taxable","13":"shipping-taxable","14":"purchasable","15":"product-type-simple"},"acf":[],"_links":{"self":[{"href":"https:\/\/rowshop.com\/sv\/wp-json\/wp\/v2\/product\/983","targetHints":{"allow":["GET"]}}],"collection":[{"href":"https:\/\/rowshop.com\/sv\/wp-json\/wp\/v2\/product"}],"about":[{"href":"https:\/\/rowshop.com\/sv\/wp-json\/wp\/v2\/types\/product"}],"wp:featuredmedia":[{"embeddable":true,"href":"https:\/\/rowshop.com\/sv\/wp-json\/wp\/v2\/media\/821"}],"wp:attachment":[{"href":"https:\/\/rowshop.com\/sv\/wp-json\/wp\/v2\/media?parent=983"}],"wp:term":[{"taxonomy":"product_brand","embeddable":true,"href":"https:\/\/rowshop.com\/sv\/wp-json\/wp\/v2\/product_brand?post=983"},{"taxonomy":"product_cat","embeddable":true,"href":"https:\/\/rowshop.com\/sv\/wp-json\/wp\/v2\/product_cat?post=983"},{"taxonomy":"product_tag","embeddable":true,"href":"https:\/\/rowshop.com\/sv\/wp-json\/wp\/v2\/product_tag?post=983"}],"curies":[{"name":"wp","href":"https:\/\/api.w.org\/{rel}","templated":true}]}}