{"id":984,"date":"2017-09-06T10:10:45","date_gmt":"2017-09-06T08:10:45","guid":{"rendered":"https:\/\/rowshop.com\/shop\/okategoriserad\/bock\/"},"modified":"2025-03-23T20:05:09","modified_gmt":"2025-03-23T19:05:09","slug":"bock","status":"publish","type":"product","link":"https:\/\/rowshop.com\/sv\/butik\/utrustning\/bock\/","title":{"rendered":"Bock"},"content":{"rendered":"<p>Bock f\u00f6r skonsam och s\u00e4ker f\u00f6rvaring av roddb\u00e5tar. Tillverkad av l\u00e4tt men stark Aluminium med ett utbytbart tygstycke i nylon. Finns i tv\u00e5 olika storlekar och s\u00e4ljs i par.<\/p>\n","protected":false},"excerpt":{"rendered":"<p>Bock f\u00f6r skonsam och s\u00e4ker f\u00f6rvaring av roddb\u00e5tar. Tillverkad av l\u00e4tt men stark Aluminium med ett utbytbart tygstycke i nylon. Finns i tv\u00e5 olika storlekar och s\u00e4ljs i par.<br \/>\nLiten : 89(h) x 56(b) m\u00e5tt i cm.<br \/>\nStor : 107(h) x 75(b) m\u00e5tt i cm.<\/p>\n","protected":false},"featured_media":891,"template":"","meta":{"_acf_changed":false},"product_brand":[],"product_cat":[107],"product_tag":[138,145],"class_list":{"0":"post-984","1":"product","2":"type-product","3":"status-publish","4":"has-post-thumbnail","6":"product_cat-utrustning","7":"product_tag-bockar","8":"product_tag-wintech-racing-sv","10":"first","11":"instock","12":"taxable","13":"shipping-taxable","14":"purchasable","15":"product-type-variable"},"acf":[],"_links":{"self":[{"href":"https:\/\/rowshop.com\/sv\/wp-json\/wp\/v2\/product\/984","targetHints":{"allow":["GET"]}}],"collection":[{"href":"https:\/\/rowshop.com\/sv\/wp-json\/wp\/v2\/product"}],"about":[{"href":"https:\/\/rowshop.com\/sv\/wp-json\/wp\/v2\/types\/product"}],"wp:featuredmedia":[{"embeddable":true,"href":"https:\/\/rowshop.com\/sv\/wp-json\/wp\/v2\/media\/891"}],"wp:attachment":[{"href":"https:\/\/rowshop.com\/sv\/wp-json\/wp\/v2\/media?parent=984"}],"wp:term":[{"taxonomy":"product_brand","embeddable":true,"href":"https:\/\/rowshop.com\/sv\/wp-json\/wp\/v2\/product_brand?post=984"},{"taxonomy":"product_cat","embeddable":true,"href":"https:\/\/rowshop.com\/sv\/wp-json\/wp\/v2\/product_cat?post=984"},{"taxonomy":"product_tag","embeddable":true,"href":"https:\/\/rowshop.com\/sv\/wp-json\/wp\/v2\/product_tag?post=984"}],"curies":[{"name":"wp","href":"https:\/\/api.w.org\/{rel}","templated":true}]}}